{"id":192,"date":"2018-09-12T15:21:47","date_gmt":"2018-09-12T15:21:47","guid":{"rendered":"https:\/\/colegioveruska.com\/?page_id=192"},"modified":"2019-06-25T14:58:39","modified_gmt":"2019-06-25T14:58:39","slug":"ensino-medio","status":"publish","type":"page","link":"https:\/\/colegiovk.com.br\/novo\/ensino-medio\/","title":{"rendered":"Ensino M\u00e9dio"},"content":{"rendered":"<div id='av-layout-grid-1'  class='av-layout-grid-container av-av_layout_row-edf07c93594a85695fda65c20c2393d8 entry-content-wrapper main_color av-flex-cells  avia-builder-el-0  el_before_av_section  avia-builder-el-first   container_wrap fullsize'  >\n\n<style type=\"text\/css\" data-created_by=\"avia_inline_auto\" id=\"style-css-av-av_cell_one_third-3bcea5b8fabeed2f04f1cd87cc7367c0\">\n.flex_cell.av-av_cell_one_third-3bcea5b8fabeed2f04f1cd87cc7367c0{\nvertical-align:top;\nbackground-color:#bf0000;\n}\n.responsive #top #wrap_all .flex_cell.av-av_cell_one_third-3bcea5b8fabeed2f04f1cd87cc7367c0{\npadding:3px 3px 3px 3px !important;\n}\n<\/style>\n<div class='flex_cell av-av_cell_one_third-3bcea5b8fabeed2f04f1cd87cc7367c0 av-gridrow-cell av_one_third no_margin  avia-builder-el-1  el_before_av_cell_one_third  avia-builder-el-first ' ><div class='flex_cell_inner'><\/div><\/div>\n<style type=\"text\/css\" data-created_by=\"avia_inline_auto\" id=\"style-css-av-av_cell_one_third-faa7b26dcf7ac4666258ba4028bdfc53\">\n.flex_cell.av-av_cell_one_third-faa7b26dcf7ac4666258ba4028bdfc53{\nvertical-align:top;\nbackground-color:#7c0000;\n}\n.responsive #top #wrap_all .flex_cell.av-av_cell_one_third-faa7b26dcf7ac4666258ba4028bdfc53{\npadding:3px 3px 3px 3px !important;\n}\n<\/style>\n<div class='flex_cell av-av_cell_one_third-faa7b26dcf7ac4666258ba4028bdfc53 av-gridrow-cell av_one_third no_margin av-hide-on-mobile  avia-builder-el-2  el_after_av_cell_one_third  el_before_av_cell_one_third ' ><div class='flex_cell_inner'><\/div><\/div>\n<style type=\"text\/css\" data-created_by=\"avia_inline_auto\" id=\"style-css-av-av_cell_one_third-84df8c0bef4289c6325525fb542ed0b2\">\n.flex_cell.av-av_cell_one_third-84df8c0bef4289c6325525fb542ed0b2{\nvertical-align:top;\nbackground-color:#3a3a3a;\n}\n.responsive #top #wrap_all .flex_cell.av-av_cell_one_third-84df8c0bef4289c6325525fb542ed0b2{\npadding:3px 3px 3px 3px !important;\n}\n<\/style>\n<div class='flex_cell av-av_cell_one_third-84df8c0bef4289c6325525fb542ed0b2 av-gridrow-cell av_one_third no_margin av-hide-on-mobile  avia-builder-el-3  el_after_av_cell_one_third  avia-builder-el-last ' ><div class='flex_cell_inner'><\/div><\/div>\n<\/div>\n\n<style type=\"text\/css\" data-created_by=\"avia_inline_auto\" id=\"style-css-av-av_section-54f49917645dcf063ccec11b25142f5b\">\n.avia-section.av-av_section-54f49917645dcf063ccec11b25142f5b{\nbackground-repeat:no-repeat;\nbackground-image:url(https:\/\/colegiovk.com.br\/novo\/wp-content\/uploads\/2018\/09\/fundo_capa.png);\nbackground-position:50% 50%;\nbackground-attachment:fixed;\n}\n.avia-section.av-av_section-54f49917645dcf063ccec11b25142f5b .av-section-color-overlay{\nopacity:0.8;\nbackground-color:#e5e5e5;\nbackground-image:url(https:\/\/colegiovk.com.br\/novo\/wp-content\/themes\/enfold\/images\/background-images\/diagonal-bold-light.png);\nbackground-repeat:repeat;\n}\n<\/style>\n<div id='av_section_1'  class='avia-section av-av_section-54f49917645dcf063ccec11b25142f5b main_color avia-section-default avia-no-shadow  avia-builder-el-4  el_after_av_layout_row  el_before_av_section  avia-full-stretch avia-bg-style-fixed av-section-color-overlay-active container_wrap fullsize'  data-section-bg-repeat='stretch'><div class=\"av-section-color-overlay-wrap\"><div class=\"av-section-color-overlay\"><\/div><div class='container av-section-cont-open' ><div class='template-page content  av-content-full alpha units'><div class='post-entry post-entry-type-page post-entry-192'><div class='entry-content-wrapper clearfix'>\n\n<style type=\"text\/css\" data-created_by=\"avia_inline_auto\" id=\"style-css-av-av_heading-7942848cad977f782af6a9274f7fca96\">\n#top .av-special-heading.av-av_heading-7942848cad977f782af6a9274f7fca96{\npadding-bottom:10px;\ncolor:#333333;\n}\nbody .av-special-heading.av-av_heading-7942848cad977f782af6a9274f7fca96 .av-special-heading-tag .heading-char{\nfont-size:25px;\n}\n.av-special-heading.av-av_heading-7942848cad977f782af6a9274f7fca96 .special-heading-inner-border{\nborder-color:#333333;\n}\n.av-special-heading.av-av_heading-7942848cad977f782af6a9274f7fca96 .av-subheading{\nfont-size:15px;\n}\n<\/style>\n<div  class='av-special-heading av-av_heading-7942848cad977f782af6a9274f7fca96 av-special-heading-h2 custom-color-heading  avia-builder-el-5  el_before_av_hr  avia-builder-el-first '><h2 class='av-special-heading-tag'  itemprop=\"headline\"  >EDUCACIONAL<\/h2><div class=\"special-heading-border\"><div class=\"special-heading-inner-border\"><\/div><\/div><\/div>\n\n<style type=\"text\/css\" data-created_by=\"avia_inline_auto\" id=\"style-css-av-av_hr-734d8e2ebf8431430626ac096a141848\">\n#top .hr.hr-invisible.av-av_hr-734d8e2ebf8431430626ac096a141848{\nheight:25px;\n}\n<\/style>\n<div  class='hr av-av_hr-734d8e2ebf8431430626ac096a141848 hr-invisible  avia-builder-el-6  el_after_av_heading  el_before_av_one_full  av-small-hide av-mini-hide'><span class='hr-inner '><span class=\"hr-inner-style\"><\/span><\/span><\/div>\n\n<style type=\"text\/css\" data-created_by=\"avia_inline_auto\" id=\"style-css-av-av_one_full-10d94fbf8bfee082b0ed89f9fea304dd\">\n.flex_column.av-av_one_full-10d94fbf8bfee082b0ed89f9fea304dd{\nborder-width:3px;\nborder-color:#828282;\nborder-style:solid;\n-webkit-border-radius:5px 5px 5px 5px;\n-moz-border-radius:5px 5px 5px 5px;\nborder-radius:5px 5px 5px 5px;\npadding:20px 20px 20px 20px;\nbackground-color:rgba(255,255,255,0.95);\n}\n<\/style>\n<div class='flex_column av-av_one_full-10d94fbf8bfee082b0ed89f9fea304dd av_one_full  avia-builder-el-7  el_after_av_hr  avia-builder-el-last  first flex_column_div av-animated-generic pop-up '     ><style type=\"text\/css\" data-created_by=\"avia_inline_auto\" id=\"style-css-av-av_textblock-26eaa9a1c57bff613edaec99918182aa\">\n#top .av_textblock_section.av-av_textblock-26eaa9a1c57bff613edaec99918182aa .avia_textblock{\nfont-size:15px;\n}\n<\/style>\n<section  class='av_textblock_section av-av_textblock-26eaa9a1c57bff613edaec99918182aa'  itemscope=\"itemscope\" itemtype=\"https:\/\/schema.org\/CreativeWork\" ><div class='avia_textblock'  itemprop=\"text\" ><h4>Ensino M\u00e9dio<\/h4>\n<div class=\"row\">\n<div class=\"col-lg-4\">\n<p><img decoding=\"async\" loading=\"lazy\" class=\"wp-image-2845 alignleft\" src=\"https:\/\/colegioveruska.com\/wp-content\/uploads\/2019\/06\/fe5b4a8b-3f1f-422d-bdd6-125fd7133915.jpg\" alt=\"\" width=\"354\" height=\"199\" srcset=\"https:\/\/colegiovk.com.br\/novo\/wp-content\/uploads\/2019\/06\/fe5b4a8b-3f1f-422d-bdd6-125fd7133915.jpg 960w, https:\/\/colegiovk.com.br\/novo\/wp-content\/uploads\/2019\/06\/fe5b4a8b-3f1f-422d-bdd6-125fd7133915-300x169.jpg 300w, https:\/\/colegiovk.com.br\/novo\/wp-content\/uploads\/2019\/06\/fe5b4a8b-3f1f-422d-bdd6-125fd7133915-768x432.jpg 768w, https:\/\/colegiovk.com.br\/novo\/wp-content\/uploads\/2019\/06\/fe5b4a8b-3f1f-422d-bdd6-125fd7133915-705x397.jpg 705w, https:\/\/colegiovk.com.br\/novo\/wp-content\/uploads\/2019\/06\/fe5b4a8b-3f1f-422d-bdd6-125fd7133915-450x253.jpg 450w\" sizes=\"(max-width: 354px) 100vw, 354px\" \/><\/p>\n<p>O Ensino M\u00e9dio do Col\u00e9gio VK tem como maior objetivo, formar grandes pessoas no mais amplo sentido desse conceito. Atingir esse objetivo, demanda um trabalho bastante competente que possa levar ao aprimoramento da forma\u00e7\u00e3o \u00e9tica e intelectual, bem como da criticidade e da prepara\u00e7\u00e3o para o trabalho. Para tanto, o col\u00e9gio disp\u00f5e de profissionais muito bem preparados e empenhados em qualificar nossos alunos para serem bem sucedidos no ENEM e nos melhores vestibulares.<\/p>\n<hr \/>\n<p><img decoding=\"async\" loading=\"lazy\" class=\"wp-image-2781 alignleft\" src=\"https:\/\/colegioveruska.com\/wp-content\/uploads\/2019\/06\/capa_4.jpg\" alt=\"\" width=\"353\" height=\"287\" srcset=\"https:\/\/colegiovk.com.br\/novo\/wp-content\/uploads\/2019\/06\/capa_4.jpg 640w, https:\/\/colegiovk.com.br\/novo\/wp-content\/uploads\/2019\/06\/capa_4-300x244.jpg 300w, https:\/\/colegiovk.com.br\/novo\/wp-content\/uploads\/2019\/06\/capa_4-450x366.jpg 450w\" sizes=\"(max-width: 353px) 100vw, 353px\" \/>O nosso orgulho e satisfa\u00e7\u00e3o residem no fato de formarmos cidad\u00e3os que saibam conviver bem e que sejam profissionais competentes para enfrentar o mercado de trabalho.<\/p>\n<p><strong><i>Antonio Carlos de Souza,<\/i>\u00a0<\/strong><br \/>\n<strong><small>Prof. Coordenador do Ensino M\u00e9dio.<\/small><\/strong><\/p>\n<\/div>\n<\/div>\n<\/div><\/section><\/div><\/div><\/div><\/div><!-- close content main div --><\/div><\/div><\/div><div id='av_section_2'  class='avia-section av-av_section-2dcda1862a94bb522b437cf4f29dd74d main_color avia-section-default avia-no-shadow  avia-builder-el-9  el_after_av_section  el_before_av_layout_row  avia-bg-style-scroll container_wrap fullsize'  ><div class='container av-section-cont-open' ><div class='template-page content  av-content-full alpha units'><div class='post-entry post-entry-type-page post-entry-192'><div class='entry-content-wrapper clearfix'><\/p>\n<\/div><\/div><\/div><!-- close content main div --><\/div><\/div><div id='av-layout-grid-2'  class='av-layout-grid-container av-av_layout_row-edf07c93594a85695fda65c20c2393d8 entry-content-wrapper main_color av-flex-cells  avia-builder-el-10  el_after_av_section  avia-builder-el-last  grid-row-not-first  container_wrap fullsize'  >\n\n<style type=\"text\/css\" data-created_by=\"avia_inline_auto\" id=\"style-css-av-av_cell_one_third-3bcea5b8fabeed2f04f1cd87cc7367c0\">\n.flex_cell.av-av_cell_one_third-3bcea5b8fabeed2f04f1cd87cc7367c0{\nvertical-align:top;\nbackground-color:#bf0000;\n}\n.responsive #top #wrap_all .flex_cell.av-av_cell_one_third-3bcea5b8fabeed2f04f1cd87cc7367c0{\npadding:3px 3px 3px 3px !important;\n}\n<\/style>\n<div class='flex_cell av-av_cell_one_third-3bcea5b8fabeed2f04f1cd87cc7367c0 av-gridrow-cell av_one_third no_margin  avia-builder-el-11  el_before_av_cell_one_third  avia-builder-el-first ' ><div class='flex_cell_inner'><\/div><\/div>\n<style type=\"text\/css\" data-created_by=\"avia_inline_auto\" id=\"style-css-av-av_cell_one_third-faa7b26dcf7ac4666258ba4028bdfc53\">\n.flex_cell.av-av_cell_one_third-faa7b26dcf7ac4666258ba4028bdfc53{\nvertical-align:top;\nbackground-color:#7c0000;\n}\n.responsive #top #wrap_all .flex_cell.av-av_cell_one_third-faa7b26dcf7ac4666258ba4028bdfc53{\npadding:3px 3px 3px 3px !important;\n}\n<\/style>\n<div class='flex_cell av-av_cell_one_third-faa7b26dcf7ac4666258ba4028bdfc53 av-gridrow-cell av_one_third no_margin av-hide-on-mobile  avia-builder-el-12  el_after_av_cell_one_third  el_before_av_cell_one_third ' ><div class='flex_cell_inner'><\/div><\/div>\n<style type=\"text\/css\" data-created_by=\"avia_inline_auto\" id=\"style-css-av-av_cell_one_third-84df8c0bef4289c6325525fb542ed0b2\">\n.flex_cell.av-av_cell_one_third-84df8c0bef4289c6325525fb542ed0b2{\nvertical-align:top;\nbackground-color:#3a3a3a;\n}\n.responsive #top #wrap_all .flex_cell.av-av_cell_one_third-84df8c0bef4289c6325525fb542ed0b2{\npadding:3px 3px 3px 3px !important;\n}\n<\/style>\n<div class='flex_cell av-av_cell_one_third-84df8c0bef4289c6325525fb542ed0b2 av-gridrow-cell av_one_third no_margin av-hide-on-mobile  avia-builder-el-13  el_after_av_cell_one_third  avia-builder-el-last ' ><div class='flex_cell_inner'><\/div><\/div>\n<\/div>\n","protected":false},"excerpt":{"rendered":"","protected":false},"author":1,"featured_media":0,"parent":0,"menu_order":0,"comment_status":"closed","ping_status":"closed","template":"","meta":{"_joinchat":[]},"_links":{"self":[{"href":"https:\/\/colegiovk.com.br\/novo\/wp-json\/wp\/v2\/pages\/192"}],"collection":[{"href":"https:\/\/colegiovk.com.br\/novo\/wp-json\/wp\/v2\/pages"}],"about":[{"href":"https:\/\/colegiovk.com.br\/novo\/wp-json\/wp\/v2\/types\/page"}],"author":[{"embeddable":true,"href":"https:\/\/colegiovk.com.br\/novo\/wp-json\/wp\/v2\/users\/1"}],"replies":[{"embeddable":true,"href":"https:\/\/colegiovk.com.br\/novo\/wp-json\/wp\/v2\/comments?post=192"}],"version-history":[{"count":12,"href":"https:\/\/colegiovk.com.br\/novo\/wp-json\/wp\/v2\/pages\/192\/revisions"}],"predecessor-version":[{"id":5058,"href":"https:\/\/colegiovk.com.br\/novo\/wp-json\/wp\/v2\/pages\/192\/revisions\/5058"}],"wp:attachment":[{"href":"https:\/\/colegiovk.com.br\/novo\/wp-json\/wp\/v2\/media?parent=192"}],"curies":[{"name":"wp","href":"https:\/\/api.w.org\/{rel}","templated":true}]}}