{"id":194,"date":"2018-09-12T15:22:03","date_gmt":"2018-09-12T15:22:03","guid":{"rendered":"https:\/\/colegioveruska.com\/?page_id=194"},"modified":"2019-06-25T14:33:05","modified_gmt":"2019-06-25T14:33:05","slug":"atividades-extras","status":"publish","type":"page","link":"https:\/\/colegiovk.com.br\/novo\/atividades-extras\/","title":{"rendered":"Atividades Extras"},"content":{"rendered":"<div id='av-layout-grid-1'  class='av-layout-grid-container av-av_layout_row-edf07c93594a85695fda65c20c2393d8 entry-content-wrapper main_color av-flex-cells  avia-builder-el-0  el_before_av_section  avia-builder-el-first   container_wrap fullsize'  >\n\n<style type=\"text\/css\" data-created_by=\"avia_inline_auto\" id=\"style-css-av-av_cell_one_third-3bcea5b8fabeed2f04f1cd87cc7367c0\">\n.flex_cell.av-av_cell_one_third-3bcea5b8fabeed2f04f1cd87cc7367c0{\nvertical-align:top;\nbackground-color:#bf0000;\n}\n.responsive #top #wrap_all .flex_cell.av-av_cell_one_third-3bcea5b8fabeed2f04f1cd87cc7367c0{\npadding:3px 3px 3px 3px !important;\n}\n<\/style>\n<div class='flex_cell av-av_cell_one_third-3bcea5b8fabeed2f04f1cd87cc7367c0 av-gridrow-cell av_one_third no_margin  avia-builder-el-1  el_before_av_cell_one_third  avia-builder-el-first ' ><div class='flex_cell_inner'><\/div><\/div>\n<style type=\"text\/css\" data-created_by=\"avia_inline_auto\" id=\"style-css-av-av_cell_one_third-faa7b26dcf7ac4666258ba4028bdfc53\">\n.flex_cell.av-av_cell_one_third-faa7b26dcf7ac4666258ba4028bdfc53{\nvertical-align:top;\nbackground-color:#7c0000;\n}\n.responsive #top #wrap_all .flex_cell.av-av_cell_one_third-faa7b26dcf7ac4666258ba4028bdfc53{\npadding:3px 3px 3px 3px !important;\n}\n<\/style>\n<div class='flex_cell av-av_cell_one_third-faa7b26dcf7ac4666258ba4028bdfc53 av-gridrow-cell av_one_third no_margin av-hide-on-mobile  avia-builder-el-2  el_after_av_cell_one_third  el_before_av_cell_one_third ' ><div class='flex_cell_inner'><\/div><\/div>\n<style type=\"text\/css\" data-created_by=\"avia_inline_auto\" id=\"style-css-av-av_cell_one_third-84df8c0bef4289c6325525fb542ed0b2\">\n.flex_cell.av-av_cell_one_third-84df8c0bef4289c6325525fb542ed0b2{\nvertical-align:top;\nbackground-color:#3a3a3a;\n}\n.responsive #top #wrap_all .flex_cell.av-av_cell_one_third-84df8c0bef4289c6325525fb542ed0b2{\npadding:3px 3px 3px 3px !important;\n}\n<\/style>\n<div class='flex_cell av-av_cell_one_third-84df8c0bef4289c6325525fb542ed0b2 av-gridrow-cell av_one_third no_margin av-hide-on-mobile  avia-builder-el-3  el_after_av_cell_one_third  avia-builder-el-last ' ><div class='flex_cell_inner'><\/div><\/div>\n<\/div>\n\n<style type=\"text\/css\" data-created_by=\"avia_inline_auto\" id=\"style-css-av-av_section-54f49917645dcf063ccec11b25142f5b\">\n.avia-section.av-av_section-54f49917645dcf063ccec11b25142f5b{\nbackground-repeat:no-repeat;\nbackground-image:url(https:\/\/colegiovk.com.br\/novo\/wp-content\/uploads\/2018\/09\/fundo_capa.png);\nbackground-position:50% 50%;\nbackground-attachment:fixed;\n}\n.avia-section.av-av_section-54f49917645dcf063ccec11b25142f5b .av-section-color-overlay{\nopacity:0.8;\nbackground-color:#e5e5e5;\nbackground-image:url(https:\/\/colegiovk.com.br\/novo\/wp-content\/themes\/enfold\/images\/background-images\/diagonal-bold-light.png);\nbackground-repeat:repeat;\n}\n<\/style>\n<div id='av_section_1'  class='avia-section av-av_section-54f49917645dcf063ccec11b25142f5b main_color avia-section-default avia-no-shadow  avia-builder-el-4  el_after_av_layout_row  el_before_av_section  avia-full-stretch avia-bg-style-fixed av-section-color-overlay-active container_wrap fullsize'  data-section-bg-repeat='stretch'><div class=\"av-section-color-overlay-wrap\"><div class=\"av-section-color-overlay\"><\/div><div class='container av-section-cont-open' ><div class='template-page content  av-content-full alpha units'><div class='post-entry post-entry-type-page post-entry-194'><div class='entry-content-wrapper clearfix'>\n\n<style type=\"text\/css\" data-created_by=\"avia_inline_auto\" id=\"style-css-av-av_heading-7942848cad977f782af6a9274f7fca96\">\n#top .av-special-heading.av-av_heading-7942848cad977f782af6a9274f7fca96{\npadding-bottom:10px;\ncolor:#333333;\n}\nbody .av-special-heading.av-av_heading-7942848cad977f782af6a9274f7fca96 .av-special-heading-tag .heading-char{\nfont-size:25px;\n}\n.av-special-heading.av-av_heading-7942848cad977f782af6a9274f7fca96 .special-heading-inner-border{\nborder-color:#333333;\n}\n.av-special-heading.av-av_heading-7942848cad977f782af6a9274f7fca96 .av-subheading{\nfont-size:15px;\n}\n<\/style>\n<div  class='av-special-heading av-av_heading-7942848cad977f782af6a9274f7fca96 av-special-heading-h2 custom-color-heading  avia-builder-el-5  el_before_av_hr  avia-builder-el-first '><h2 class='av-special-heading-tag'  itemprop=\"headline\"  >EDUCACIONAL<\/h2><div class=\"special-heading-border\"><div class=\"special-heading-inner-border\"><\/div><\/div><\/div>\n\n<style type=\"text\/css\" data-created_by=\"avia_inline_auto\" id=\"style-css-av-av_hr-734d8e2ebf8431430626ac096a141848\">\n#top .hr.hr-invisible.av-av_hr-734d8e2ebf8431430626ac096a141848{\nheight:25px;\n}\n<\/style>\n<div  class='hr av-av_hr-734d8e2ebf8431430626ac096a141848 hr-invisible  avia-builder-el-6  el_after_av_heading  el_before_av_one_half  av-small-hide av-mini-hide'><span class='hr-inner '><span class=\"hr-inner-style\"><\/span><\/span><\/div>\n\n<style type=\"text\/css\" data-created_by=\"avia_inline_auto\" id=\"style-css-av-av_one_half-10d94fbf8bfee082b0ed89f9fea304dd\">\n.flex_column.av-av_one_half-10d94fbf8bfee082b0ed89f9fea304dd{\nborder-width:3px;\nborder-color:#828282;\nborder-style:solid;\n-webkit-border-radius:5px 5px 5px 5px;\n-moz-border-radius:5px 5px 5px 5px;\nborder-radius:5px 5px 5px 5px;\npadding:20px 20px 20px 20px;\nbackground-color:rgba(255,255,255,0.95);\n}\n<\/style>\n<div class='flex_column av-av_one_half-10d94fbf8bfee082b0ed89f9fea304dd av_one_half  avia-builder-el-7  el_after_av_hr  el_before_av_one_half  first flex_column_div av-animated-generic pop-up '     ><p>\n<style type=\"text\/css\" data-created_by=\"avia_inline_auto\" id=\"style-css-av-av_image-6569baf4fe31c55b8767ec6532e8cde0\">\n.avia-image-container.av-av_image-6569baf4fe31c55b8767ec6532e8cde0 img.avia_image{\nbox-shadow:none;\n}\n.avia-image-container.av-av_image-6569baf4fe31c55b8767ec6532e8cde0 .av-image-caption-overlay-center{\ncolor:#ffffff;\n}\n<\/style>\n<div  class='avia-image-container av-av_image-6569baf4fe31c55b8767ec6532e8cde0 av-styling- avia-align-center  avia-builder-el-8  el_before_av_textblock  avia-builder-el-first '   itemprop=\"image\" itemscope=\"itemscope\" itemtype=\"https:\/\/schema.org\/ImageObject\" ><div class=\"avia-image-container-inner\"><div class=\"avia-image-overlay-wrap\"><a href=\"https:\/\/colegiovk.com.br\/novo\/wp-content\/uploads\/2018\/10\/karate.png\" data-srcset=\"https:\/\/colegiovk.com.br\/novo\/wp-content\/uploads\/2018\/10\/karate.png 600w, https:\/\/colegiovk.com.br\/novo\/wp-content\/uploads\/2018\/10\/karate-300x201.png 300w, https:\/\/colegiovk.com.br\/novo\/wp-content\/uploads\/2018\/10\/karate-450x302.png 450w\" data-sizes=\"(max-width: 600px) 100vw, 600px\" class='avia_image' ><img decoding=\"async\" class='wp-image-779 avia-img-lazy-loading-not-779 avia_image ' src=\"https:\/\/colegiovk.com.br\/novo\/wp-content\/uploads\/2018\/10\/karate.png\" alt='' title='karate'  height=\"402\" width=\"600\"  itemprop=\"thumbnailUrl\" srcset=\"https:\/\/colegiovk.com.br\/novo\/wp-content\/uploads\/2018\/10\/karate.png 600w, https:\/\/colegiovk.com.br\/novo\/wp-content\/uploads\/2018\/10\/karate-300x201.png 300w, https:\/\/colegiovk.com.br\/novo\/wp-content\/uploads\/2018\/10\/karate-450x302.png 450w\" sizes=\"(max-width: 600px) 100vw, 600px\" \/><\/a><\/div><\/div><\/div><br \/>\n\n<style type=\"text\/css\" data-created_by=\"avia_inline_auto\" id=\"style-css-av-av_textblock-26eaa9a1c57bff613edaec99918182aa\">\n#top .av_textblock_section.av-av_textblock-26eaa9a1c57bff613edaec99918182aa .avia_textblock{\nfont-size:15px;\n}\n<\/style>\n<section  class='av_textblock_section av-av_textblock-26eaa9a1c57bff613edaec99918182aa'  itemscope=\"itemscope\" itemtype=\"https:\/\/schema.org\/CreativeWork\" ><div class='avia_textblock'  itemprop=\"text\" ><h4>Karat\u00ea<\/h4>\n<div class=\"row\">\n<div class=\"col-lg-4\">\n<p>O Karat\u00ea auxilia no condicionamento f\u00edsico, desenvolvendo velocidade, flexibilidade e capacidade aer\u00f3bia, facilitando o desenvolvimento de todos os alunos.<\/p>\n<\/div>\n<\/div>\n<\/div><\/section><br \/>\n<div  class='avia-button-wrap av-av_button-fe2aeed62682333725f732efb9261703-wrap avia-button-center  avia-builder-el-10  el_after_av_textblock  avia-builder-el-last ' ><a href='https:\/\/colegiovk.com.br\/novo\/galeria-de-imagens-karate\/'  class='avia-button av-av_button-fe2aeed62682333725f732efb9261703 avia-icon_select-yes-left-icon avia-size-large avia-position-center avia-color-theme-color' ><span class='avia_button_icon avia_button_icon_left' aria-hidden='true' data-av_icon='\ue80f' data-av_iconfont='entypo-fontello'><\/span><span class='avia_iconbox_title' >GALERIA DE IMAGENS<\/span><\/a><\/div><\/p><\/div>\n<style type=\"text\/css\" data-created_by=\"avia_inline_auto\" id=\"style-css-av-av_one_half-3df02c1aa25fa4df66ea63246078f098\">\n.flex_column.av-av_one_half-3df02c1aa25fa4df66ea63246078f098{\nborder-width:3px;\nborder-color:#828282;\nborder-style:solid;\n-webkit-border-radius:5px 5px 5px 5px;\n-moz-border-radius:5px 5px 5px 5px;\nborder-radius:5px 5px 5px 5px;\npadding:20px 20px 20px 20px;\nbackground-color:rgba(255,255,255,0.95);\n}\n<\/style>\n<div class='flex_column av-av_one_half-3df02c1aa25fa4df66ea63246078f098 av_one_half  avia-builder-el-11  el_after_av_one_half  el_before_av_one_half  flex_column_div av-animated-generic pop-up '     ><p>\n<style type=\"text\/css\" data-created_by=\"avia_inline_auto\" id=\"style-css-av-av_image-ae1e5e6b93fb2c0279d876fc8fbe873a\">\n.avia-image-container.av-av_image-ae1e5e6b93fb2c0279d876fc8fbe873a img.avia_image{\nbox-shadow:none;\n}\n.avia-image-container.av-av_image-ae1e5e6b93fb2c0279d876fc8fbe873a .av-image-caption-overlay-center{\ncolor:#ffffff;\n}\n<\/style>\n<div  class='avia-image-container av-av_image-ae1e5e6b93fb2c0279d876fc8fbe873a av-styling- avia-align-center  avia-builder-el-12  el_before_av_textblock  avia-builder-el-first '   itemprop=\"image\" itemscope=\"itemscope\" itemtype=\"https:\/\/schema.org\/ImageObject\" ><div class=\"avia-image-container-inner\"><div class=\"avia-image-overlay-wrap\"><a href=\"https:\/\/colegiovk.com.br\/novo\/wp-content\/uploads\/2018\/10\/futsal.png\" data-srcset=\"https:\/\/colegiovk.com.br\/novo\/wp-content\/uploads\/2018\/10\/futsal.png 600w, https:\/\/colegiovk.com.br\/novo\/wp-content\/uploads\/2018\/10\/futsal-300x201.png 300w, https:\/\/colegiovk.com.br\/novo\/wp-content\/uploads\/2018\/10\/futsal-450x302.png 450w\" data-sizes=\"(max-width: 600px) 100vw, 600px\" class='avia_image' ><img decoding=\"async\" class='wp-image-780 avia-img-lazy-loading-not-780 avia_image ' src=\"https:\/\/colegiovk.com.br\/novo\/wp-content\/uploads\/2018\/10\/futsal.png\" alt='' title='futsal'  height=\"402\" width=\"600\"  itemprop=\"thumbnailUrl\" srcset=\"https:\/\/colegiovk.com.br\/novo\/wp-content\/uploads\/2018\/10\/futsal.png 600w, https:\/\/colegiovk.com.br\/novo\/wp-content\/uploads\/2018\/10\/futsal-300x201.png 300w, https:\/\/colegiovk.com.br\/novo\/wp-content\/uploads\/2018\/10\/futsal-450x302.png 450w\" sizes=\"(max-width: 600px) 100vw, 600px\" \/><\/a><\/div><\/div><\/div><br \/>\n\n<style type=\"text\/css\" data-created_by=\"avia_inline_auto\" id=\"style-css-av-av_textblock-26eaa9a1c57bff613edaec99918182aa\">\n#top .av_textblock_section.av-av_textblock-26eaa9a1c57bff613edaec99918182aa .avia_textblock{\nfont-size:15px;\n}\n<\/style>\n<section  class='av_textblock_section av-av_textblock-26eaa9a1c57bff613edaec99918182aa'  itemscope=\"itemscope\" itemtype=\"https:\/\/schema.org\/CreativeWork\" ><div class='avia_textblock'  itemprop=\"text\" ><h4>Futsal<\/h4>\n<div class=\"row\">\n<div class=\"col-lg-4\">\n<p>O futsal auxilia na forma\u00e7\u00e3o da personalidade do individuo, na intera\u00e7\u00e3o social e na educa\u00e7\u00e3o atrav\u00e9s do esporte de massa. Promove amistosos, competi\u00e7\u00f5es e participa\u00e7\u00f5es em Copas, como: Copa Danone e Copa Jetix.<\/p>\n<\/div>\n<\/div>\n<\/div><\/section><br \/>\n<div  class='avia-button-wrap av-av_button-ed98b494d404ec2466e64ea62f6e06f2-wrap avia-button-center  avia-builder-el-14  el_after_av_textblock  avia-builder-el-last ' ><a href='https:\/\/colegiovk.com.br\/novo\/galeria-de-imagens-futsal\/'  class='avia-button av-av_button-ed98b494d404ec2466e64ea62f6e06f2 avia-icon_select-yes-left-icon avia-size-large avia-position-center avia-color-theme-color' ><span class='avia_button_icon avia_button_icon_left' aria-hidden='true' data-av_icon='\ue80f' data-av_iconfont='entypo-fontello'><\/span><span class='avia_iconbox_title' >GALERIA DE IMAGENS<\/span><\/a><\/div><\/p><\/div>\n<style type=\"text\/css\" data-created_by=\"avia_inline_auto\" id=\"style-css-av-av_one_half-10d94fbf8bfee082b0ed89f9fea304dd\">\n.flex_column.av-av_one_half-10d94fbf8bfee082b0ed89f9fea304dd{\nborder-width:3px;\nborder-color:#828282;\nborder-style:solid;\n-webkit-border-radius:5px 5px 5px 5px;\n-moz-border-radius:5px 5px 5px 5px;\nborder-radius:5px 5px 5px 5px;\npadding:20px 20px 20px 20px;\nbackground-color:rgba(255,255,255,0.95);\n}\n<\/style>\n<div class='flex_column av-av_one_half-10d94fbf8bfee082b0ed89f9fea304dd av_one_half  avia-builder-el-15  el_after_av_one_half  el_before_av_one_half  first flex_column_div av-animated-generic pop-up column-top-margin'     ><p>\n<style type=\"text\/css\" data-created_by=\"avia_inline_auto\" id=\"style-css-av-av_image-4d25f83a6fde0accc8eba8ea19f88756\">\n.avia-image-container.av-av_image-4d25f83a6fde0accc8eba8ea19f88756 img.avia_image{\nbox-shadow:none;\n}\n.avia-image-container.av-av_image-4d25f83a6fde0accc8eba8ea19f88756 .av-image-caption-overlay-center{\ncolor:#ffffff;\n}\n<\/style>\n<div  class='avia-image-container av-av_image-4d25f83a6fde0accc8eba8ea19f88756 av-styling- avia-align-center  avia-builder-el-16  el_before_av_textblock  avia-builder-el-first '   itemprop=\"image\" itemscope=\"itemscope\" itemtype=\"https:\/\/schema.org\/ImageObject\" ><div class=\"avia-image-container-inner\"><div class=\"avia-image-overlay-wrap\"><a href=\"https:\/\/colegiovk.com.br\/novo\/wp-content\/uploads\/2018\/09\/AtividadesExtras2018-4.jpg\" data-srcset=\"https:\/\/colegiovk.com.br\/novo\/wp-content\/uploads\/2018\/09\/AtividadesExtras2018-4.jpg 600w, https:\/\/colegiovk.com.br\/novo\/wp-content\/uploads\/2018\/09\/AtividadesExtras2018-4-300x201.jpg 300w, https:\/\/colegiovk.com.br\/novo\/wp-content\/uploads\/2018\/09\/AtividadesExtras2018-4-450x302.jpg 450w\" data-sizes=\"(max-width: 600px) 100vw, 600px\" class='avia_image' ><img decoding=\"async\" class='wp-image-398 avia-img-lazy-loading-not-398 avia_image ' src=\"https:\/\/colegiovk.com.br\/novo\/wp-content\/uploads\/2018\/09\/AtividadesExtras2018-4.jpg\" alt='' title='AtividadesExtras2018-4'  height=\"402\" width=\"600\"  itemprop=\"thumbnailUrl\" srcset=\"https:\/\/colegiovk.com.br\/novo\/wp-content\/uploads\/2018\/09\/AtividadesExtras2018-4.jpg 600w, https:\/\/colegiovk.com.br\/novo\/wp-content\/uploads\/2018\/09\/AtividadesExtras2018-4-300x201.jpg 300w, https:\/\/colegiovk.com.br\/novo\/wp-content\/uploads\/2018\/09\/AtividadesExtras2018-4-450x302.jpg 450w\" sizes=\"(max-width: 600px) 100vw, 600px\" \/><\/a><\/div><\/div><\/div><br \/>\n\n<style type=\"text\/css\" data-created_by=\"avia_inline_auto\" id=\"style-css-av-av_textblock-26eaa9a1c57bff613edaec99918182aa\">\n#top .av_textblock_section.av-av_textblock-26eaa9a1c57bff613edaec99918182aa .avia_textblock{\nfont-size:15px;\n}\n<\/style>\n<section  class='av_textblock_section av-av_textblock-26eaa9a1c57bff613edaec99918182aa'  itemscope=\"itemscope\" itemtype=\"https:\/\/schema.org\/CreativeWork\" ><div class='avia_textblock'  itemprop=\"text\" ><h4>Ballet<\/h4>\n<div class=\"row\">\n<div class=\"col-lg-4\">\n<p>A pratica do Ballet Cl\u00e1ssico, permite aprimorar habilidades motoras, estimular o desenvolvimento das capacidades f\u00edsicas e contribuir para a corre\u00e7\u00e3o postural.<\/p>\n<\/div>\n<\/div>\n<\/div><\/section><br \/>\n<div  class='avia-button-wrap av-av_button-637a4e8607ac1dd7902bf2067ebefeed-wrap avia-button-center  avia-builder-el-18  el_after_av_textblock  avia-builder-el-last ' ><a href=''  class='avia-button av-av_button-637a4e8607ac1dd7902bf2067ebefeed avia-icon_select-yes-left-icon avia-size-large avia-position-center avia-color-theme-color' ><span class='avia_button_icon avia_button_icon_left' aria-hidden='true' data-av_icon='\ue80f' data-av_iconfont='entypo-fontello'><\/span><span class='avia_iconbox_title' >GALERIA DE IMAGENS<\/span><\/a><\/div><\/p><\/div>\n<style type=\"text\/css\" data-created_by=\"avia_inline_auto\" id=\"style-css-av-av_one_half-3df02c1aa25fa4df66ea63246078f098\">\n.flex_column.av-av_one_half-3df02c1aa25fa4df66ea63246078f098{\nborder-width:3px;\nborder-color:#828282;\nborder-style:solid;\n-webkit-border-radius:5px 5px 5px 5px;\n-moz-border-radius:5px 5px 5px 5px;\nborder-radius:5px 5px 5px 5px;\npadding:20px 20px 20px 20px;\nbackground-color:rgba(255,255,255,0.95);\n}\n<\/style>\n<div class='flex_column av-av_one_half-3df02c1aa25fa4df66ea63246078f098 av_one_half  avia-builder-el-19  el_after_av_one_half  el_before_av_one_half  flex_column_div av-animated-generic pop-up column-top-margin'     ><p>\n<style type=\"text\/css\" data-created_by=\"avia_inline_auto\" id=\"style-css-av-av_image-5beac59aefde230d851c8f8705852ba2\">\n.avia-image-container.av-av_image-5beac59aefde230d851c8f8705852ba2 img.avia_image{\nbox-shadow:none;\n}\n.avia-image-container.av-av_image-5beac59aefde230d851c8f8705852ba2 .av-image-caption-overlay-center{\ncolor:#ffffff;\n}\n<\/style>\n<div  class='avia-image-container av-av_image-5beac59aefde230d851c8f8705852ba2 av-styling- avia-align-center  avia-builder-el-20  el_before_av_textblock  avia-builder-el-first '   itemprop=\"image\" itemscope=\"itemscope\" itemtype=\"https:\/\/schema.org\/ImageObject\" ><div class=\"avia-image-container-inner\"><div class=\"avia-image-overlay-wrap\"><a href=\"https:\/\/colegiovk.com.br\/novo\/wp-content\/uploads\/2018\/09\/AtividadesExtras2018-7.jpg\" data-srcset=\"https:\/\/colegiovk.com.br\/novo\/wp-content\/uploads\/2018\/09\/AtividadesExtras2018-7.jpg 600w, https:\/\/colegiovk.com.br\/novo\/wp-content\/uploads\/2018\/09\/AtividadesExtras2018-7-300x169.jpg 300w, https:\/\/colegiovk.com.br\/novo\/wp-content\/uploads\/2018\/09\/AtividadesExtras2018-7-450x253.jpg 450w\" data-sizes=\"(max-width: 600px) 100vw, 600px\" class='avia_image' ><img decoding=\"async\" class='wp-image-400 avia-img-lazy-loading-not-400 avia_image ' src=\"https:\/\/colegiovk.com.br\/novo\/wp-content\/uploads\/2018\/09\/AtividadesExtras2018-7.jpg\" alt='' title='AtividadesExtras2018-7'  height=\"337\" width=\"600\"  itemprop=\"thumbnailUrl\" srcset=\"https:\/\/colegiovk.com.br\/novo\/wp-content\/uploads\/2018\/09\/AtividadesExtras2018-7.jpg 600w, https:\/\/colegiovk.com.br\/novo\/wp-content\/uploads\/2018\/09\/AtividadesExtras2018-7-300x169.jpg 300w, https:\/\/colegiovk.com.br\/novo\/wp-content\/uploads\/2018\/09\/AtividadesExtras2018-7-450x253.jpg 450w\" sizes=\"(max-width: 600px) 100vw, 600px\" \/><\/a><\/div><\/div><\/div><br \/>\n\n<style type=\"text\/css\" data-created_by=\"avia_inline_auto\" id=\"style-css-av-av_textblock-26eaa9a1c57bff613edaec99918182aa\">\n#top .av_textblock_section.av-av_textblock-26eaa9a1c57bff613edaec99918182aa .avia_textblock{\nfont-size:15px;\n}\n<\/style>\n<section  class='av_textblock_section av-av_textblock-26eaa9a1c57bff613edaec99918182aa'  itemscope=\"itemscope\" itemtype=\"https:\/\/schema.org\/CreativeWork\" ><div class='avia_textblock'  itemprop=\"text\" ><h4>Teatro<\/h4>\n<div class=\"row\">\n<div class=\"col-lg-4\">\n<p>O teatro proporciona um resgate a capacidade de explorar o ambiente e a partir da\u00ed, tudo ao seu redor \u00e9 transformado em aprendizado, tanto psicoafetivo e intuitivo quanto cognitivo e motor.<\/p>\n<\/div>\n<\/div>\n<\/div><\/section><\/p><\/div>\n<style type=\"text\/css\" data-created_by=\"avia_inline_auto\" id=\"style-css-av-av_one_half-10d94fbf8bfee082b0ed89f9fea304dd\">\n.flex_column.av-av_one_half-10d94fbf8bfee082b0ed89f9fea304dd{\nborder-width:3px;\nborder-color:#828282;\nborder-style:solid;\n-webkit-border-radius:5px 5px 5px 5px;\n-moz-border-radius:5px 5px 5px 5px;\nborder-radius:5px 5px 5px 5px;\npadding:20px 20px 20px 20px;\nbackground-color:rgba(255,255,255,0.95);\n}\n<\/style>\n<div class='flex_column av-av_one_half-10d94fbf8bfee082b0ed89f9fea304dd av_one_half  avia-builder-el-22  el_after_av_one_half  avia-builder-el-last  first flex_column_div av-animated-generic pop-up column-top-margin'     ><p>\n<style type=\"text\/css\" data-created_by=\"avia_inline_auto\" id=\"style-css-av-av_image-daa0431502ea897f595096765ad4a5be\">\n.avia-image-container.av-av_image-daa0431502ea897f595096765ad4a5be img.avia_image{\nbox-shadow:none;\n}\n.avia-image-container.av-av_image-daa0431502ea897f595096765ad4a5be .av-image-caption-overlay-center{\ncolor:#ffffff;\n}\n<\/style>\n<div  class='avia-image-container av-av_image-daa0431502ea897f595096765ad4a5be av-styling- avia-align-center  avia-builder-el-23  el_before_av_textblock  avia-builder-el-first '   itemprop=\"image\" itemscope=\"itemscope\" itemtype=\"https:\/\/schema.org\/ImageObject\" ><div class=\"avia-image-container-inner\"><div class=\"avia-image-overlay-wrap\"><a href=\"https:\/\/colegiovk.com.br\/novo\/wp-content\/uploads\/2018\/09\/AtividadesExtras2018-5.jpg\" data-srcset=\"https:\/\/colegiovk.com.br\/novo\/wp-content\/uploads\/2018\/09\/AtividadesExtras2018-5.jpg 600w, https:\/\/colegiovk.com.br\/novo\/wp-content\/uploads\/2018\/09\/AtividadesExtras2018-5-300x205.jpg 300w, https:\/\/colegiovk.com.br\/novo\/wp-content\/uploads\/2018\/09\/AtividadesExtras2018-5-450x308.jpg 450w\" data-sizes=\"(max-width: 600px) 100vw, 600px\" class='avia_image' ><img decoding=\"async\" class='wp-image-399 avia-img-lazy-loading-not-399 avia_image ' src=\"https:\/\/colegiovk.com.br\/novo\/wp-content\/uploads\/2018\/09\/AtividadesExtras2018-5.jpg\" alt='' title='AtividadesExtras2018-5'  height=\"410\" width=\"600\"  itemprop=\"thumbnailUrl\" srcset=\"https:\/\/colegiovk.com.br\/novo\/wp-content\/uploads\/2018\/09\/AtividadesExtras2018-5.jpg 600w, https:\/\/colegiovk.com.br\/novo\/wp-content\/uploads\/2018\/09\/AtividadesExtras2018-5-300x205.jpg 300w, https:\/\/colegiovk.com.br\/novo\/wp-content\/uploads\/2018\/09\/AtividadesExtras2018-5-450x308.jpg 450w\" sizes=\"(max-width: 600px) 100vw, 600px\" \/><\/a><\/div><\/div><\/div><br \/>\n\n<style type=\"text\/css\" data-created_by=\"avia_inline_auto\" id=\"style-css-av-av_textblock-26eaa9a1c57bff613edaec99918182aa\">\n#top .av_textblock_section.av-av_textblock-26eaa9a1c57bff613edaec99918182aa .avia_textblock{\nfont-size:15px;\n}\n<\/style>\n<section  class='av_textblock_section av-av_textblock-26eaa9a1c57bff613edaec99918182aa'  itemscope=\"itemscope\" itemtype=\"https:\/\/schema.org\/CreativeWork\" ><div class='avia_textblock'  itemprop=\"text\" ><h4>Street Dance<\/h4>\n<div class=\"row\">\n<div class=\"col-lg-4\">\n<p>O Street Dance \u00e9 uma atividade que estimula a coordena\u00e7\u00e3o motora e a criatividade. Conta com aulas din\u00e2micas e descontra\u00eddas. Nesse curso, cada aluno tem o direito de contribuir com sua criatividade coreografando pequenas sequencias que geralmente s\u00e3o utilizadas em alguns momentos das coreografias.<\/p>\n<\/div>\n<\/div>\n<\/div><\/section><\/p><\/div><\/div><\/div><\/div><!-- close content main div --><\/div><\/div><\/div><div id='av_section_2'  class='avia-section av-av_section-2dcda1862a94bb522b437cf4f29dd74d main_color avia-section-default avia-no-shadow  avia-builder-el-25  el_after_av_section  el_before_av_layout_row  avia-bg-style-scroll container_wrap fullsize'  ><div class='container av-section-cont-open' ><div class='template-page content  av-content-full alpha units'><div class='post-entry post-entry-type-page post-entry-194'><div class='entry-content-wrapper clearfix'><\/p>\n<\/div><\/div><\/div><!-- close content main div --><\/div><\/div><div id='av-layout-grid-2'  class='av-layout-grid-container av-av_layout_row-edf07c93594a85695fda65c20c2393d8 entry-content-wrapper main_color av-flex-cells  avia-builder-el-26  el_after_av_section  avia-builder-el-last  grid-row-not-first  container_wrap fullsize'  >\n\n<style type=\"text\/css\" data-created_by=\"avia_inline_auto\" id=\"style-css-av-av_cell_one_third-3bcea5b8fabeed2f04f1cd87cc7367c0\">\n.flex_cell.av-av_cell_one_third-3bcea5b8fabeed2f04f1cd87cc7367c0{\nvertical-align:top;\nbackground-color:#bf0000;\n}\n.responsive #top #wrap_all .flex_cell.av-av_cell_one_third-3bcea5b8fabeed2f04f1cd87cc7367c0{\npadding:3px 3px 3px 3px !important;\n}\n<\/style>\n<div class='flex_cell av-av_cell_one_third-3bcea5b8fabeed2f04f1cd87cc7367c0 av-gridrow-cell av_one_third no_margin  avia-builder-el-27  el_before_av_cell_one_third  avia-builder-el-first ' ><div class='flex_cell_inner'><\/div><\/div>\n<style type=\"text\/css\" data-created_by=\"avia_inline_auto\" id=\"style-css-av-av_cell_one_third-faa7b26dcf7ac4666258ba4028bdfc53\">\n.flex_cell.av-av_cell_one_third-faa7b26dcf7ac4666258ba4028bdfc53{\nvertical-align:top;\nbackground-color:#7c0000;\n}\n.responsive #top #wrap_all .flex_cell.av-av_cell_one_third-faa7b26dcf7ac4666258ba4028bdfc53{\npadding:3px 3px 3px 3px !important;\n}\n<\/style>\n<div class='flex_cell av-av_cell_one_third-faa7b26dcf7ac4666258ba4028bdfc53 av-gridrow-cell av_one_third no_margin av-hide-on-mobile  avia-builder-el-28  el_after_av_cell_one_third  el_before_av_cell_one_third ' ><div class='flex_cell_inner'><\/div><\/div>\n<style type=\"text\/css\" data-created_by=\"avia_inline_auto\" id=\"style-css-av-av_cell_one_third-84df8c0bef4289c6325525fb542ed0b2\">\n.flex_cell.av-av_cell_one_third-84df8c0bef4289c6325525fb542ed0b2{\nvertical-align:top;\nbackground-color:#3a3a3a;\n}\n.responsive #top #wrap_all .flex_cell.av-av_cell_one_third-84df8c0bef4289c6325525fb542ed0b2{\npadding:3px 3px 3px 3px !important;\n}\n<\/style>\n<div class='flex_cell av-av_cell_one_third-84df8c0bef4289c6325525fb542ed0b2 av-gridrow-cell av_one_third no_margin av-hide-on-mobile  avia-builder-el-29  el_after_av_cell_one_third  avia-builder-el-last ' ><div class='flex_cell_inner'><\/div><\/div>\n<\/div>\n","protected":false},"excerpt":{"rendered":"","protected":false},"author":1,"featured_media":0,"parent":0,"menu_order":0,"comment_status":"closed","ping_status":"closed","template":"","meta":{"_joinchat":[]},"_links":{"self":[{"href":"https:\/\/colegiovk.com.br\/novo\/wp-json\/wp\/v2\/pages\/194"}],"collection":[{"href":"https:\/\/colegiovk.com.br\/novo\/wp-json\/wp\/v2\/pages"}],"about":[{"href":"https:\/\/colegiovk.com.br\/novo\/wp-json\/wp\/v2\/types\/page"}],"author":[{"embeddable":true,"href":"https:\/\/colegiovk.com.br\/novo\/wp-json\/wp\/v2\/users\/1"}],"replies":[{"embeddable":true,"href":"https:\/\/colegiovk.com.br\/novo\/wp-json\/wp\/v2\/comments?post=194"}],"version-history":[{"count":10,"href":"https:\/\/colegiovk.com.br\/novo\/wp-json\/wp\/v2\/pages\/194\/revisions"}],"predecessor-version":[{"id":2875,"href":"https:\/\/colegiovk.com.br\/novo\/wp-json\/wp\/v2\/pages\/194\/revisions\/2875"}],"wp:attachment":[{"href":"https:\/\/colegiovk.com.br\/novo\/wp-json\/wp\/v2\/media?parent=194"}],"curies":[{"name":"wp","href":"https:\/\/api.w.org\/{rel}","templated":true}]}}