{"id":209,"date":"2018-09-12T15:53:42","date_gmt":"2018-09-12T15:53:42","guid":{"rendered":"https:\/\/colegioveruska.com\/?page_id=209"},"modified":"2019-06-24T19:02:26","modified_gmt":"2019-06-24T19:02:26","slug":"aviso-dos-professores","status":"publish","type":"page","link":"https:\/\/colegiovk.com.br\/novo\/aviso-dos-professores\/","title":{"rendered":"AVISO DOS PROFESSORES"},"content":{"rendered":"<div id='av-layout-grid-1'  class='av-layout-grid-container av-av_layout_row-edf07c93594a85695fda65c20c2393d8 entry-content-wrapper main_color av-flex-cells  avia-builder-el-0  el_before_av_section  avia-builder-el-first   container_wrap fullsize'  >\n\n<style type=\"text\/css\" data-created_by=\"avia_inline_auto\" id=\"style-css-av-av_cell_one_third-3bcea5b8fabeed2f04f1cd87cc7367c0\">\n.flex_cell.av-av_cell_one_third-3bcea5b8fabeed2f04f1cd87cc7367c0{\nvertical-align:top;\nbackground-color:#bf0000;\n}\n.responsive #top #wrap_all .flex_cell.av-av_cell_one_third-3bcea5b8fabeed2f04f1cd87cc7367c0{\npadding:3px 3px 3px 3px !important;\n}\n<\/style>\n<div class='flex_cell av-av_cell_one_third-3bcea5b8fabeed2f04f1cd87cc7367c0 av-gridrow-cell av_one_third no_margin  avia-builder-el-1  el_before_av_cell_one_third  avia-builder-el-first ' ><div class='flex_cell_inner'><\/div><\/div>\n<style type=\"text\/css\" data-created_by=\"avia_inline_auto\" id=\"style-css-av-av_cell_one_third-faa7b26dcf7ac4666258ba4028bdfc53\">\n.flex_cell.av-av_cell_one_third-faa7b26dcf7ac4666258ba4028bdfc53{\nvertical-align:top;\nbackground-color:#7c0000;\n}\n.responsive #top #wrap_all .flex_cell.av-av_cell_one_third-faa7b26dcf7ac4666258ba4028bdfc53{\npadding:3px 3px 3px 3px !important;\n}\n<\/style>\n<div class='flex_cell av-av_cell_one_third-faa7b26dcf7ac4666258ba4028bdfc53 av-gridrow-cell av_one_third no_margin av-hide-on-mobile  avia-builder-el-2  el_after_av_cell_one_third  el_before_av_cell_one_third ' ><div class='flex_cell_inner'><\/div><\/div>\n<style type=\"text\/css\" data-created_by=\"avia_inline_auto\" id=\"style-css-av-av_cell_one_third-84df8c0bef4289c6325525fb542ed0b2\">\n.flex_cell.av-av_cell_one_third-84df8c0bef4289c6325525fb542ed0b2{\nvertical-align:top;\nbackground-color:#3a3a3a;\n}\n.responsive #top #wrap_all .flex_cell.av-av_cell_one_third-84df8c0bef4289c6325525fb542ed0b2{\npadding:3px 3px 3px 3px !important;\n}\n<\/style>\n<div class='flex_cell av-av_cell_one_third-84df8c0bef4289c6325525fb542ed0b2 av-gridrow-cell av_one_third no_margin av-hide-on-mobile  avia-builder-el-3  el_after_av_cell_one_third  avia-builder-el-last ' ><div class='flex_cell_inner'><\/div><\/div>\n<\/div>\n\n<style type=\"text\/css\" data-created_by=\"avia_inline_auto\" id=\"style-css-av-av_section-54f49917645dcf063ccec11b25142f5b\">\n.avia-section.av-av_section-54f49917645dcf063ccec11b25142f5b{\nbackground-repeat:no-repeat;\nbackground-image:url(https:\/\/colegiovk.com.br\/novo\/wp-content\/uploads\/2018\/09\/fundo_capa.png);\nbackground-position:50% 50%;\nbackground-attachment:fixed;\n}\n.avia-section.av-av_section-54f49917645dcf063ccec11b25142f5b .av-section-color-overlay{\nopacity:0.8;\nbackground-color:#e5e5e5;\nbackground-image:url(https:\/\/colegiovk.com.br\/novo\/wp-content\/themes\/enfold\/images\/background-images\/diagonal-bold-light.png);\nbackground-repeat:repeat;\n}\n<\/style>\n<div id='av_section_1'  class='avia-section av-av_section-54f49917645dcf063ccec11b25142f5b main_color avia-section-default avia-no-shadow  avia-builder-el-4  el_after_av_layout_row  el_before_av_section  avia-full-stretch avia-bg-style-fixed av-section-color-overlay-active container_wrap fullsize'  data-section-bg-repeat='stretch'><div class=\"av-section-color-overlay-wrap\"><div class=\"av-section-color-overlay\"><\/div><div class='container av-section-cont-open' ><div class='template-page content  av-content-full alpha units'><div class='post-entry post-entry-type-page post-entry-209'><div class='entry-content-wrapper clearfix'>\n\n<style type=\"text\/css\" data-created_by=\"avia_inline_auto\" id=\"style-css-av-av_heading-65afd5ace0e9b33f997a5022553327a9\">\n#top .av-special-heading.av-av_heading-65afd5ace0e9b33f997a5022553327a9{\npadding-bottom:10px;\ncolor:#333333;\n}\nbody .av-special-heading.av-av_heading-65afd5ace0e9b33f997a5022553327a9 .av-special-heading-tag .heading-char{\nfont-size:25px;\n}\n.av-special-heading.av-av_heading-65afd5ace0e9b33f997a5022553327a9 .special-heading-inner-border{\nborder-color:#333333;\n}\n.av-special-heading.av-av_heading-65afd5ace0e9b33f997a5022553327a9 .av-subheading{\nfont-size:15px;\n}\n<\/style>\n<div  class='av-special-heading av-av_heading-65afd5ace0e9b33f997a5022553327a9 av-special-heading-h2 custom-color-heading  avia-builder-el-5  el_before_av_hr  avia-builder-el-first '><h2 class='av-special-heading-tag'  itemprop=\"headline\"  >AVISO DOS PROFESSORES<\/h2><div class=\"special-heading-border\"><div class=\"special-heading-inner-border\"><\/div><\/div><\/div>\n\n<style type=\"text\/css\" data-created_by=\"avia_inline_auto\" id=\"style-css-av-av_hr-734d8e2ebf8431430626ac096a141848\">\n#top .hr.hr-invisible.av-av_hr-734d8e2ebf8431430626ac096a141848{\nheight:25px;\n}\n<\/style>\n<div  class='hr av-av_hr-734d8e2ebf8431430626ac096a141848 hr-invisible  avia-builder-el-6  el_after_av_heading  el_before_av_three_fifth  av-small-hide av-mini-hide'><span class='hr-inner '><span class=\"hr-inner-style\"><\/span><\/span><\/div>\n\n<style type=\"text\/css\" data-created_by=\"avia_inline_auto\" id=\"style-css-av-av_three_fifth-948e6d93c7b4d7404e89a59e30cd3d80\">\n.flex_column.av-av_three_fifth-948e6d93c7b4d7404e89a59e30cd3d80{\nborder-width:3px;\nborder-color:#f2f2f2;\nborder-style:solid;\n-webkit-border-radius:5px 5px 5px 5px;\n-moz-border-radius:5px 5px 5px 5px;\nborder-radius:5px 5px 5px 5px;\npadding:20px 20px 20px 20px;\nbackground-color:#8e2020;\n}\n<\/style>\n<div class='flex_column av-av_three_fifth-948e6d93c7b4d7404e89a59e30cd3d80 av_three_fifth  avia-builder-el-7  el_after_av_hr  el_before_av_two_fifth  first flex_column_div av-animated-generic pop-up '     ><style type=\"text\/css\" data-created_by=\"avia_inline_auto\" id=\"style-css-av-av_textblock-18896dc46da71a3ac6185f4060327cd2\">\n#top .av_textblock_section.av-av_textblock-18896dc46da71a3ac6185f4060327cd2 .avia_textblock{\nfont-size:15px;\ncolor:#ffffff;\n}\n<\/style>\n<section  class='av_textblock_section av-av_textblock-18896dc46da71a3ac6185f4060327cd2'  itemscope=\"itemscope\" itemtype=\"https:\/\/schema.org\/CreativeWork\" ><div class='avia_textblock av_inherit_color'  itemprop=\"text\" ><h3>Mensagem aos Alunos do Ensino M\u00e9dio<\/h3>\n<p>Alunos e alunas do Ensino M\u00e9dio, O Col\u00e9gio VK espera que voc\u00eas possam se dedicar muito na busca dos seus objetivos. Voc\u00eas se encontram em uma fase de sua viv\u00eancia em que a liberdade e a autonomia s\u00e3o conceitos inevit\u00e1veis. Na verdade, voc\u00eas j\u00e1 est\u00e3o se preparando para esse exerc\u00edcio desde o in\u00edcio de sua forma\u00e7\u00e3o como pessoas. Entretanto, para que nossa autonomia seja completa, precisa vir acompanhada de muita responsabilidade, afinal, somos respons\u00e1veis diretos pelas escolhas que fazemos livremente. Dessa forma, o col\u00e9gio ainda tem a fun\u00e7\u00e3o de orient\u00e1-los sobre alguns pontos imprescind\u00edveis para uma boa conviv\u00eancia e para uma forma\u00e7\u00e3o eficaz: Organizem o tempo e os materiais a serem utilizados; Estudem continuamente e de forma disciplinada. Nesse ponto vale ressaltar que \u00e9 bom separar um tempo do dia para os estudos e confec\u00e7\u00e3o de li\u00e7\u00e3o de casa, em um ambiente silencioso e que facilite a concentra\u00e7\u00e3o; Nunca deixem para estudar para as provas na v\u00e9spera; Fa\u00e7am sempre as li\u00e7\u00f5es de casa, elas s\u00e3o uma forma de revisar os conte\u00fados vistos; Sejam empreendedores no sentido de buscarem o melhor para sua vida, seja no campo profissional, seja no de realiza\u00e7\u00e3o pessoa; Participem sempre dos projetos propostos na escola. Isso \u00e9 um exerc\u00edcio para a sua vida inteira; Sejam solid\u00e1rios sempre e prezem os valores morais, aqueles que contribuem para a forma\u00e7\u00e3o de uma sociedade mais justa e mais fraterna; Vivam de forma que cumpram seus deveres; assim, voc\u00eas poder\u00e3o cobrar que seus direitos sejam respeitados. O nosso trabalho como equipe s\u00f3 ter\u00e1 frutos se pudermos agir sempre procurando o melhor. A escola trabalha no sentido de facilitar essa procura.<\/p>\n<p><strong>Abra\u00e7os a todos!<\/strong><br \/>\n<strong> Equipe do Ensino M\u00e9dio,<\/strong><br \/>\n<strong> Janeiro de 2016.<\/strong><\/p>\n<\/div><\/section><\/div>\n<style type=\"text\/css\" data-created_by=\"avia_inline_auto\" id=\"style-css-av-av_two_fifth-3df02c1aa25fa4df66ea63246078f098\">\n.flex_column.av-av_two_fifth-3df02c1aa25fa4df66ea63246078f098{\nborder-width:3px;\nborder-color:#828282;\nborder-style:solid;\n-webkit-border-radius:5px 5px 5px 5px;\n-moz-border-radius:5px 5px 5px 5px;\nborder-radius:5px 5px 5px 5px;\npadding:20px 20px 20px 20px;\nbackground-color:rgba(255,255,255,0.95);\n}\n<\/style>\n<div class='flex_column av-av_two_fifth-3df02c1aa25fa4df66ea63246078f098 av_two_fifth  avia-builder-el-9  el_after_av_three_fifth  avia-builder-el-last  flex_column_div av-animated-generic pop-up '     ><p>\n<style type=\"text\/css\" data-created_by=\"avia_inline_auto\" id=\"style-css-av-av_image-96addbd3df56aa8f93110d429ba032e6\">\n.avia-image-container.av-av_image-96addbd3df56aa8f93110d429ba032e6 img.avia_image{\nbox-shadow:none;\n}\n.avia-image-container.av-av_image-96addbd3df56aa8f93110d429ba032e6 .av-image-caption-overlay-center{\ncolor:#ffffff;\n}\n<\/style>\n<div  class='avia-image-container av-av_image-96addbd3df56aa8f93110d429ba032e6 av-styling- avia_animated_image av-animated-when-visible-95 left-to-right avia-align-center  avia-builder-el-10  el_before_av_hr  avia-builder-el-first '   itemprop=\"image\" itemscope=\"itemscope\" itemtype=\"https:\/\/schema.org\/ImageObject\" ><div class=\"avia-image-container-inner\"><div class=\"avia-image-overlay-wrap\"><img decoding=\"async\" class='wp-image-1796 avia-img-lazy-loading-not-1796 avia_image ' src=\"https:\/\/colegiovk.com.br\/novo\/wp-content\/uploads\/2019\/03\/imagem_colegio.png\" alt='' title='imagem_colegio'  height=\"480\" width=\"640\"  itemprop=\"thumbnailUrl\" srcset=\"https:\/\/colegiovk.com.br\/novo\/wp-content\/uploads\/2019\/03\/imagem_colegio.png 640w, https:\/\/colegiovk.com.br\/novo\/wp-content\/uploads\/2019\/03\/imagem_colegio-300x225.png 300w, https:\/\/colegiovk.com.br\/novo\/wp-content\/uploads\/2019\/03\/imagem_colegio-450x338.png 450w\" sizes=\"(max-width: 640px) 100vw, 640px\" \/><\/div><\/div><\/div><br \/>\n\n<style type=\"text\/css\" data-created_by=\"avia_inline_auto\" id=\"style-css-av-av_hr-734d8e2ebf8431430626ac096a141848\">\n#top .hr.hr-invisible.av-av_hr-734d8e2ebf8431430626ac096a141848{\nheight:25px;\n}\n<\/style>\n<div  class='hr av-av_hr-734d8e2ebf8431430626ac096a141848 hr-invisible  avia-builder-el-11  el_after_av_image  el_before_av_image  av-small-hide av-mini-hide'><span class='hr-inner '><span class=\"hr-inner-style\"><\/span><\/span><\/div><br \/>\n\n<style type=\"text\/css\" data-created_by=\"avia_inline_auto\" id=\"style-css-av-av_image-13a83f76734094f256a11467acedd902\">\n.avia-image-container.av-av_image-13a83f76734094f256a11467acedd902 img.avia_image{\nbox-shadow:none;\n}\n.avia-image-container.av-av_image-13a83f76734094f256a11467acedd902 .av-image-caption-overlay-center{\ncolor:#ffffff;\n}\n<\/style>\n<div  class='avia-image-container av-av_image-13a83f76734094f256a11467acedd902 av-styling- avia-align-center  avia-builder-el-12  el_after_av_hr  avia-builder-el-last '   itemprop=\"image\" itemscope=\"itemscope\" itemtype=\"https:\/\/schema.org\/ImageObject\" ><div class=\"avia-image-container-inner\"><div class=\"avia-image-overlay-wrap\"><a href=\"https:\/\/colegiovk.com.br\/novo\/wp-content\/uploads\/2019\/06\/corpo-docente.jpg\" data-srcset=\"https:\/\/colegiovk.com.br\/novo\/wp-content\/uploads\/2019\/06\/corpo-docente.jpg 960w, https:\/\/colegiovk.com.br\/novo\/wp-content\/uploads\/2019\/06\/corpo-docente-300x226.jpg 300w, https:\/\/colegiovk.com.br\/novo\/wp-content\/uploads\/2019\/06\/corpo-docente-768x578.jpg 768w, https:\/\/colegiovk.com.br\/novo\/wp-content\/uploads\/2019\/06\/corpo-docente-705x530.jpg 705w, https:\/\/colegiovk.com.br\/novo\/wp-content\/uploads\/2019\/06\/corpo-docente-450x338.jpg 450w\" data-sizes=\"(max-width: 960px) 100vw, 960px\" class='avia_image' ><img decoding=\"async\" class='wp-image-2789 avia-img-lazy-loading-not-2789 avia_image ' src=\"https:\/\/colegiovk.com.br\/novo\/wp-content\/uploads\/2019\/06\/corpo-docente.jpg\" alt='' title='corpo docente'  height=\"722\" width=\"960\"  itemprop=\"thumbnailUrl\" srcset=\"https:\/\/colegiovk.com.br\/novo\/wp-content\/uploads\/2019\/06\/corpo-docente.jpg 960w, https:\/\/colegiovk.com.br\/novo\/wp-content\/uploads\/2019\/06\/corpo-docente-300x226.jpg 300w, https:\/\/colegiovk.com.br\/novo\/wp-content\/uploads\/2019\/06\/corpo-docente-768x578.jpg 768w, https:\/\/colegiovk.com.br\/novo\/wp-content\/uploads\/2019\/06\/corpo-docente-705x530.jpg 705w, https:\/\/colegiovk.com.br\/novo\/wp-content\/uploads\/2019\/06\/corpo-docente-450x338.jpg 450w\" sizes=\"(max-width: 960px) 100vw, 960px\" \/><\/a><\/div><\/div><\/div><\/p><\/div><\/div><\/div><\/div><!-- close content main div --><\/div><\/div><\/div><div id='av_section_2'  class='avia-section av-av_section-2dcda1862a94bb522b437cf4f29dd74d main_color avia-section-default avia-no-shadow  avia-builder-el-13  el_after_av_section  el_before_av_layout_row  avia-bg-style-scroll container_wrap fullsize'  ><div class='container av-section-cont-open' ><div class='template-page content  av-content-full alpha units'><div class='post-entry post-entry-type-page post-entry-209'><div class='entry-content-wrapper clearfix'><\/p>\n<\/div><\/div><\/div><!-- close content main div --><\/div><\/div><div id='av-layout-grid-2'  class='av-layout-grid-container av-av_layout_row-edf07c93594a85695fda65c20c2393d8 entry-content-wrapper main_color av-flex-cells  avia-builder-el-14  el_after_av_section  avia-builder-el-last  grid-row-not-first  container_wrap fullsize'  >\n\n<style type=\"text\/css\" data-created_by=\"avia_inline_auto\" id=\"style-css-av-av_cell_one_third-3bcea5b8fabeed2f04f1cd87cc7367c0\">\n.flex_cell.av-av_cell_one_third-3bcea5b8fabeed2f04f1cd87cc7367c0{\nvertical-align:top;\nbackground-color:#bf0000;\n}\n.responsive #top #wrap_all .flex_cell.av-av_cell_one_third-3bcea5b8fabeed2f04f1cd87cc7367c0{\npadding:3px 3px 3px 3px !important;\n}\n<\/style>\n<div class='flex_cell av-av_cell_one_third-3bcea5b8fabeed2f04f1cd87cc7367c0 av-gridrow-cell av_one_third no_margin  avia-builder-el-15  el_before_av_cell_one_third  avia-builder-el-first ' ><div class='flex_cell_inner'><\/div><\/div>\n<style type=\"text\/css\" data-created_by=\"avia_inline_auto\" id=\"style-css-av-av_cell_one_third-faa7b26dcf7ac4666258ba4028bdfc53\">\n.flex_cell.av-av_cell_one_third-faa7b26dcf7ac4666258ba4028bdfc53{\nvertical-align:top;\nbackground-color:#7c0000;\n}\n.responsive #top #wrap_all .flex_cell.av-av_cell_one_third-faa7b26dcf7ac4666258ba4028bdfc53{\npadding:3px 3px 3px 3px !important;\n}\n<\/style>\n<div class='flex_cell av-av_cell_one_third-faa7b26dcf7ac4666258ba4028bdfc53 av-gridrow-cell av_one_third no_margin av-hide-on-mobile  avia-builder-el-16  el_after_av_cell_one_third  el_before_av_cell_one_third ' ><div class='flex_cell_inner'><\/div><\/div>\n<style type=\"text\/css\" data-created_by=\"avia_inline_auto\" id=\"style-css-av-av_cell_one_third-84df8c0bef4289c6325525fb542ed0b2\">\n.flex_cell.av-av_cell_one_third-84df8c0bef4289c6325525fb542ed0b2{\nvertical-align:top;\nbackground-color:#3a3a3a;\n}\n.responsive #top #wrap_all .flex_cell.av-av_cell_one_third-84df8c0bef4289c6325525fb542ed0b2{\npadding:3px 3px 3px 3px !important;\n}\n<\/style>\n<div class='flex_cell av-av_cell_one_third-84df8c0bef4289c6325525fb542ed0b2 av-gridrow-cell av_one_third no_margin av-hide-on-mobile  avia-builder-el-17  el_after_av_cell_one_third  avia-builder-el-last ' ><div class='flex_cell_inner'><\/div><\/div>\n<\/div>\n","protected":false},"excerpt":{"rendered":"","protected":false},"author":1,"featured_media":0,"parent":0,"menu_order":0,"comment_status":"closed","ping_status":"closed","template":"","meta":{"_joinchat":[]},"_links":{"self":[{"href":"https:\/\/colegiovk.com.br\/novo\/wp-json\/wp\/v2\/pages\/209"}],"collection":[{"href":"https:\/\/colegiovk.com.br\/novo\/wp-json\/wp\/v2\/pages"}],"about":[{"href":"https:\/\/colegiovk.com.br\/novo\/wp-json\/wp\/v2\/types\/page"}],"author":[{"embeddable":true,"href":"https:\/\/colegiovk.com.br\/novo\/wp-json\/wp\/v2\/users\/1"}],"replies":[{"embeddable":true,"href":"https:\/\/colegiovk.com.br\/novo\/wp-json\/wp\/v2\/comments?post=209"}],"version-history":[{"count":14,"href":"https:\/\/colegiovk.com.br\/novo\/wp-json\/wp\/v2\/pages\/209\/revisions"}],"predecessor-version":[{"id":2788,"href":"https:\/\/colegiovk.com.br\/novo\/wp-json\/wp\/v2\/pages\/209\/revisions\/2788"}],"wp:attachment":[{"href":"https:\/\/colegiovk.com.br\/novo\/wp-json\/wp\/v2\/media?parent=209"}],"curies":[{"name":"wp","href":"https:\/\/api.w.org\/{rel}","templated":true}]}}