{"id":25,"date":"2018-08-17T23:34:41","date_gmt":"2018-08-17T23:34:41","guid":{"rendered":"http:\/\/colegiofontoura.com.br\/?page_id=25"},"modified":"2020-02-17T12:50:27","modified_gmt":"2020-02-17T12:50:27","slug":"o-colegio","status":"publish","type":"page","link":"https:\/\/colegiovk.com.br\/novo\/o-colegio\/","title":{"rendered":"O COL\u00c9GIO"},"content":{"rendered":"<div id='av-layout-grid-1'  class='av-layout-grid-container av-av_layout_row-edf07c93594a85695fda65c20c2393d8 entry-content-wrapper main_color av-flex-cells  avia-builder-el-0  el_before_av_section  avia-builder-el-first   container_wrap fullsize'  >\n\n<style type=\"text\/css\" data-created_by=\"avia_inline_auto\" id=\"style-css-av-av_cell_one_third-3bcea5b8fabeed2f04f1cd87cc7367c0\">\n.flex_cell.av-av_cell_one_third-3bcea5b8fabeed2f04f1cd87cc7367c0{\nvertical-align:top;\nbackground-color:#bf0000;\n}\n.responsive #top #wrap_all .flex_cell.av-av_cell_one_third-3bcea5b8fabeed2f04f1cd87cc7367c0{\npadding:3px 3px 3px 3px !important;\n}\n<\/style>\n<div class='flex_cell av-av_cell_one_third-3bcea5b8fabeed2f04f1cd87cc7367c0 av-gridrow-cell av_one_third no_margin  avia-builder-el-1  el_before_av_cell_one_third  avia-builder-el-first ' ><div class='flex_cell_inner'><\/div><\/div>\n<style type=\"text\/css\" data-created_by=\"avia_inline_auto\" id=\"style-css-av-av_cell_one_third-faa7b26dcf7ac4666258ba4028bdfc53\">\n.flex_cell.av-av_cell_one_third-faa7b26dcf7ac4666258ba4028bdfc53{\nvertical-align:top;\nbackground-color:#7c0000;\n}\n.responsive #top #wrap_all .flex_cell.av-av_cell_one_third-faa7b26dcf7ac4666258ba4028bdfc53{\npadding:3px 3px 3px 3px !important;\n}\n<\/style>\n<div class='flex_cell av-av_cell_one_third-faa7b26dcf7ac4666258ba4028bdfc53 av-gridrow-cell av_one_third no_margin av-hide-on-mobile  avia-builder-el-2  el_after_av_cell_one_third  el_before_av_cell_one_third ' ><div class='flex_cell_inner'><\/div><\/div>\n<style type=\"text\/css\" data-created_by=\"avia_inline_auto\" id=\"style-css-av-av_cell_one_third-84df8c0bef4289c6325525fb542ed0b2\">\n.flex_cell.av-av_cell_one_third-84df8c0bef4289c6325525fb542ed0b2{\nvertical-align:top;\nbackground-color:#3a3a3a;\n}\n.responsive #top #wrap_all .flex_cell.av-av_cell_one_third-84df8c0bef4289c6325525fb542ed0b2{\npadding:3px 3px 3px 3px !important;\n}\n<\/style>\n<div class='flex_cell av-av_cell_one_third-84df8c0bef4289c6325525fb542ed0b2 av-gridrow-cell av_one_third no_margin av-hide-on-mobile  avia-builder-el-3  el_after_av_cell_one_third  avia-builder-el-last ' ><div class='flex_cell_inner'><\/div><\/div>\n<\/div>\n\n<style type=\"text\/css\" data-created_by=\"avia_inline_auto\" id=\"style-css-av-av_section-54f49917645dcf063ccec11b25142f5b\">\n.avia-section.av-av_section-54f49917645dcf063ccec11b25142f5b{\nbackground-repeat:no-repeat;\nbackground-image:url(https:\/\/colegiovk.com.br\/novo\/wp-content\/uploads\/2018\/09\/fundo_capa.png);\nbackground-position:50% 50%;\nbackground-attachment:fixed;\n}\n.avia-section.av-av_section-54f49917645dcf063ccec11b25142f5b .av-section-color-overlay{\nopacity:0.8;\nbackground-color:#e5e5e5;\nbackground-image:url(https:\/\/colegiovk.com.br\/novo\/wp-content\/themes\/enfold\/images\/background-images\/diagonal-bold-light.png);\nbackground-repeat:repeat;\n}\n<\/style>\n<div id='av_section_1'  class='avia-section av-av_section-54f49917645dcf063ccec11b25142f5b main_color avia-section-default avia-no-shadow  avia-builder-el-4  el_after_av_layout_row  el_before_av_section  avia-full-stretch avia-bg-style-fixed av-section-color-overlay-active container_wrap fullsize'  data-section-bg-repeat='stretch'><div class=\"av-section-color-overlay-wrap\"><div class=\"av-section-color-overlay\"><\/div><div class='container av-section-cont-open' ><div class='template-page content  av-content-full alpha units'><div class='post-entry post-entry-type-page post-entry-25'><div class='entry-content-wrapper clearfix'>\n\n<style type=\"text\/css\" data-created_by=\"avia_inline_auto\" id=\"style-css-av-av_heading-1e2665b1adbcfee95a702c59153294ea\">\n#top .av-special-heading.av-av_heading-1e2665b1adbcfee95a702c59153294ea{\npadding-bottom:10px;\ncolor:#333333;\n}\nbody .av-special-heading.av-av_heading-1e2665b1adbcfee95a702c59153294ea .av-special-heading-tag .heading-char{\nfont-size:25px;\n}\n.av-special-heading.av-av_heading-1e2665b1adbcfee95a702c59153294ea .special-heading-inner-border{\nborder-color:#333333;\n}\n.av-special-heading.av-av_heading-1e2665b1adbcfee95a702c59153294ea .av-subheading{\nfont-size:15px;\n}\n<\/style>\n<div  class='av-special-heading av-av_heading-1e2665b1adbcfee95a702c59153294ea av-special-heading-h2 custom-color-heading blockquote modern-quote  avia-builder-el-5  el_before_av_hr  avia-builder-el-first '><h2 class='av-special-heading-tag'  itemprop=\"headline\"  >SOBRE O COL\u00c9GIO VERUSKA<\/h2><div class=\"special-heading-border\"><div class=\"special-heading-inner-border\"><\/div><\/div><\/div>\n\n<style type=\"text\/css\" data-created_by=\"avia_inline_auto\" id=\"style-css-av-av_hr-734d8e2ebf8431430626ac096a141848\">\n#top .hr.hr-invisible.av-av_hr-734d8e2ebf8431430626ac096a141848{\nheight:25px;\n}\n<\/style>\n<div  class='hr av-av_hr-734d8e2ebf8431430626ac096a141848 hr-invisible  avia-builder-el-6  el_after_av_heading  el_before_av_three_fifth  av-small-hide av-mini-hide'><span class='hr-inner '><span class=\"hr-inner-style\"><\/span><\/span><\/div>\n\n<style type=\"text\/css\" data-created_by=\"avia_inline_auto\" id=\"style-css-av-av_three_fifth-10d94fbf8bfee082b0ed89f9fea304dd\">\n.flex_column.av-av_three_fifth-10d94fbf8bfee082b0ed89f9fea304dd{\nborder-width:3px;\nborder-color:#828282;\nborder-style:solid;\n-webkit-border-radius:5px 5px 5px 5px;\n-moz-border-radius:5px 5px 5px 5px;\nborder-radius:5px 5px 5px 5px;\npadding:20px 20px 20px 20px;\nbackground-color:rgba(255,255,255,0.95);\n}\n<\/style>\n<div class='flex_column av-av_three_fifth-10d94fbf8bfee082b0ed89f9fea304dd av_three_fifth  avia-builder-el-7  el_after_av_hr  el_before_av_two_fifth  first flex_column_div av-animated-generic pop-up '     ><p><div  class='avia-video av-av_video-2aaf972f21819dd714e9e335d0baf20d avia-video-16-9 av-no-preview-image avia-video-load-always av-lazyload-immediate av-lazyload-video-embed'  itemprop=\"video\" itemtype=\"https:\/\/schema.org\/VideoObject\"  data-original_url='https:\/\/www.youtube.com\/watch?v=8HvaLOuUwTk'><script type='text\/html' class='av-video-tmpl'><div class='avia-iframe-wrap'><iframe title=\"Anivers\u00e1rio de 42 anos do Col\u00e9gio VK\" width=\"1500\" height=\"844\" src=\"https:\/\/www.youtube.com\/embed\/8HvaLOuUwTk?feature=oembed&autoplay=0&loop=0&controls=1&mute=0\" frameborder=\"0\" allow=\"accelerometer; autoplay; encrypted-media; gyroscope; picture-in-picture\" allowfullscreen><\/iframe><\/div><\/script><div class='av-click-to-play-overlay'><div class=\"avia_playpause_icon\"><\/div><\/div><\/div><br \/>\n\n<style type=\"text\/css\" data-created_by=\"avia_inline_auto\" id=\"style-css-av-av_image-91041039bec271b44da88baed869de33\">\n.avia-image-container.av-av_image-91041039bec271b44da88baed869de33 img.avia_image{\nbox-shadow:none;\n}\n.avia-image-container.av-av_image-91041039bec271b44da88baed869de33 .av-image-caption-overlay-center{\ncolor:#ffffff;\n}\n<\/style>\n<div  class='avia-image-container av-av_image-91041039bec271b44da88baed869de33 av-styling- avia_animated_image av-animated-when-visible-95 left-to-right avia-align-center  avia-builder-el-9  el_after_av_video  avia-builder-el-last '   itemprop=\"image\" itemscope=\"itemscope\" itemtype=\"https:\/\/schema.org\/ImageObject\" ><div class=\"avia-image-container-inner\"><div class=\"avia-image-overlay-wrap\"><img decoding=\"async\" class='wp-image-2821 avia-img-lazy-loading-not-2821 avia_image ' src=\"https:\/\/colegiovk.com.br\/novo\/wp-content\/uploads\/2019\/06\/3061a702-8ec7-4a0d-9de3-ffb8fdea4187.jpg\" alt='' title='O Col\u00e9gio VK'  height=\"1280\" width=\"811\"  itemprop=\"thumbnailUrl\" srcset=\"https:\/\/colegiovk.com.br\/novo\/wp-content\/uploads\/2019\/06\/3061a702-8ec7-4a0d-9de3-ffb8fdea4187.jpg 811w, https:\/\/colegiovk.com.br\/novo\/wp-content\/uploads\/2019\/06\/3061a702-8ec7-4a0d-9de3-ffb8fdea4187-190x300.jpg 190w, https:\/\/colegiovk.com.br\/novo\/wp-content\/uploads\/2019\/06\/3061a702-8ec7-4a0d-9de3-ffb8fdea4187-768x1212.jpg 768w, https:\/\/colegiovk.com.br\/novo\/wp-content\/uploads\/2019\/06\/3061a702-8ec7-4a0d-9de3-ffb8fdea4187-653x1030.jpg 653w, https:\/\/colegiovk.com.br\/novo\/wp-content\/uploads\/2019\/06\/3061a702-8ec7-4a0d-9de3-ffb8fdea4187-447x705.jpg 447w, https:\/\/colegiovk.com.br\/novo\/wp-content\/uploads\/2019\/06\/3061a702-8ec7-4a0d-9de3-ffb8fdea4187-450x710.jpg 450w\" sizes=\"(max-width: 811px) 100vw, 811px\" \/><\/div><\/div><\/div><\/p><\/div>\n<style type=\"text\/css\" data-created_by=\"avia_inline_auto\" id=\"style-css-av-av_two_fifth-78a7611e7ea93e101c250441b78de3ca\">\n.flex_column.av-av_two_fifth-78a7611e7ea93e101c250441b78de3ca{\nborder-width:3px;\nborder-color:#f2f2f2;\nborder-style:solid;\n-webkit-border-radius:5px 5px 5px 5px;\n-moz-border-radius:5px 5px 5px 5px;\nborder-radius:5px 5px 5px 5px;\npadding:20px 20px 20px 20px;\nbackground-color:#8e2020;\n}\n<\/style>\n<div class='flex_column av-av_two_fifth-78a7611e7ea93e101c250441b78de3ca av_two_fifth  avia-builder-el-10  el_after_av_three_fifth  avia-builder-el-last  flex_column_div av-animated-generic pop-up '     ><style type=\"text\/css\" data-created_by=\"avia_inline_auto\" id=\"style-css-av-av_textblock-0a813b9f76733a0512fabd4eb02eaf7a\">\n#top .av_textblock_section.av-av_textblock-0a813b9f76733a0512fabd4eb02eaf7a .avia_textblock{\nfont-size:17px;\ncolor:#ffffff;\n}\n<\/style>\n<section  class='av_textblock_section av-av_textblock-0a813b9f76733a0512fabd4eb02eaf7a'  itemscope=\"itemscope\" itemtype=\"https:\/\/schema.org\/CreativeWork\" ><div class='avia_textblock av_inherit_color'  itemprop=\"text\" ><h2>Miss\u00e3o<\/h2>\n<p>Educa\u00e7\u00e3o personalizada com forma\u00e7\u00e3o acad\u00eamica e humana de excel\u00eancia.<\/p>\n<h2>\u00a0Vis\u00e3o<\/h2>\n<p><strong>Educar em seus aspectos:<\/strong><\/p>\n<ul>\n<li>o da unidade: seguindo a Lei de Diretrizes e Bases, atendendo os fins da Educa\u00e7\u00e3o Nacional.<\/li>\n<li>o da diversidade: estimulando e educando a desenvolver suas compet\u00eancias fundamentais: social, emocional, espiritual e t\u00e9cnica.<\/li>\n<li>o da transforma\u00e7\u00e3o: transformando os alunos em pessoas mais sens\u00edveis, mais capazes, dignas de herdar o mundo e muda-lo para melhor.<\/li>\n<\/ul>\n<h2>Valores<\/h2>\n<ul>\n<li>Saber<\/li>\n<li>\u00c9tica<\/li>\n<li>Trabalho<\/li>\n<li>Liberdade<\/li>\n<li>Progresso<\/li>\n<li>Responsabilidade<\/li>\n<li>Honestidade<\/li>\n<\/ul>\n<\/div><\/section><\/div><\/div><\/div><\/div><!-- close content main div --><\/div><\/div><\/div><div id='av_section_2'  class='avia-section av-av_section-2dcda1862a94bb522b437cf4f29dd74d main_color avia-section-default avia-no-shadow  avia-builder-el-12  el_after_av_section  el_before_av_layout_row  avia-bg-style-scroll container_wrap fullsize'  ><div class='container av-section-cont-open' ><div class='template-page content  av-content-full alpha units'><div class='post-entry post-entry-type-page post-entry-25'><div class='entry-content-wrapper clearfix'>\n\n<style type=\"text\/css\" data-created_by=\"avia_inline_auto\" id=\"style-css-av-av_two_fifth-15d750bd1b332b34c6e70b077ebbccdf\">\n.flex_column.av-av_two_fifth-15d750bd1b332b34c6e70b077ebbccdf{\n-webkit-border-radius:0px 0px 0px 0px;\n-moz-border-radius:0px 0px 0px 0px;\nborder-radius:0px 0px 0px 0px;\npadding:0px 0px 0px 0px;\n}\n<\/style>\n<div class='flex_column av-av_two_fifth-15d750bd1b332b34c6e70b077ebbccdf av_two_fifth  avia-builder-el-13  el_before_av_three_fifth  avia-builder-el-first  first flex_column_div av-zero-column-padding '     ><p>\n<style type=\"text\/css\" data-created_by=\"avia_inline_auto\" id=\"style-css-av-av_image-525c4eecd58ebdabc990b58f4002188c\">\n.avia-image-container.av-av_image-525c4eecd58ebdabc990b58f4002188c img.avia_image{\nbox-shadow:none;\n}\n.avia-image-container.av-av_image-525c4eecd58ebdabc990b58f4002188c .av-image-caption-overlay-center{\ncolor:#ffffff;\n}\n<\/style>\n<div  class='avia-image-container av-av_image-525c4eecd58ebdabc990b58f4002188c av-styling- avia_animated_image av-animated-when-visible-95 left-to-right avia-align-center  avia-builder-el-14  el_before_av_textblock  avia-builder-el-first '   itemprop=\"image\" itemscope=\"itemscope\" itemtype=\"https:\/\/schema.org\/ImageObject\" ><div class=\"avia-image-container-inner\"><div class=\"avia-image-overlay-wrap\"><img decoding=\"async\" class='wp-image-330 avia-img-lazy-loading-not-330 avia_image ' src=\"https:\/\/colegiovk.com.br\/novo\/wp-content\/uploads\/2018\/09\/diretora.png\" alt='' title='diretora'  height=\"227\" width=\"227\"  itemprop=\"thumbnailUrl\" srcset=\"https:\/\/colegiovk.com.br\/novo\/wp-content\/uploads\/2018\/09\/diretora.png 227w, https:\/\/colegiovk.com.br\/novo\/wp-content\/uploads\/2018\/09\/diretora-80x80.png 80w, https:\/\/colegiovk.com.br\/novo\/wp-content\/uploads\/2018\/09\/diretora-36x36.png 36w, https:\/\/colegiovk.com.br\/novo\/wp-content\/uploads\/2018\/09\/diretora-180x180.png 180w, https:\/\/colegiovk.com.br\/novo\/wp-content\/uploads\/2018\/09\/diretora-120x120.png 120w\" sizes=\"(max-width: 227px) 100vw, 227px\" \/><\/div><\/div><\/div><br \/>\n\n<style type=\"text\/css\" data-created_by=\"avia_inline_auto\" id=\"style-css-av-av_textblock-586e525e8b2f90af96d78819b81aa3fa\">\n#top .av_textblock_section.av-av_textblock-586e525e8b2f90af96d78819b81aa3fa .avia_textblock{\nfont-size:15px;\n}\n<\/style>\n<section  class='av_textblock_section av-av_textblock-586e525e8b2f90af96d78819b81aa3fa'  itemscope=\"itemscope\" itemtype=\"https:\/\/schema.org\/CreativeWork\" ><div class='avia_textblock'  itemprop=\"text\" ><h2>PALAVRA DA DIRETORA<\/h2>\n<p>Com o passar dos anos, transforma\u00e7\u00f5es mundiais redimensionaram o ato de conceber a educa\u00e7\u00e3o e a forma de se buscar a verdadeira aprendizagem, constru\u00edda de acordo com a realidade do educando. Desta forma, o Veruska, busca atingir a sua miss\u00e3o que \u00e9 transformar o aluno para transformar o mundo.<br \/>\n<strong>Marly Vera Zabeu Saraceni<\/strong><\/p>\n<\/div><\/section><br \/>\n\n<style type=\"text\/css\" data-created_by=\"avia_inline_auto\" id=\"style-css-av-av_textblock-26eaa9a1c57bff613edaec99918182aa\">\n#top .av_textblock_section.av-av_textblock-26eaa9a1c57bff613edaec99918182aa .avia_textblock{\nfont-size:15px;\n}\n<\/style>\n<section  class='av_textblock_section av-av_textblock-26eaa9a1c57bff613edaec99918182aa'  itemscope=\"itemscope\" itemtype=\"https:\/\/schema.org\/CreativeWork\" ><div class='avia_textblock'  itemprop=\"text\" ><h2>PROPOSTA PEDAG\u00d3GICA<\/h2>\n<p>Oferecer um ensino de qualidade, que estimule o desenvolvimento dos alunos nos aspectos cultural, emocional e social, por meio de um tratamento humanit\u00e1rio e diferenciado.<\/p>\n<\/div><\/section><br \/>\n\n<style type=\"text\/css\" data-created_by=\"avia_inline_auto\" id=\"style-css-av-av_heading-36259ff05cde3592d1016b9ee59f62d6\">\n#top .av-special-heading.av-av_heading-36259ff05cde3592d1016b9ee59f62d6{\npadding-bottom:10px;\n}\nbody .av-special-heading.av-av_heading-36259ff05cde3592d1016b9ee59f62d6 .av-special-heading-tag .heading-char{\nfont-size:25px;\n}\n.av-special-heading.av-av_heading-36259ff05cde3592d1016b9ee59f62d6 .av-subheading{\nfont-size:15px;\n}\n<\/style>\n<div  class='av-special-heading av-av_heading-36259ff05cde3592d1016b9ee59f62d6 av-special-heading-h3 blockquote modern-quote  avia-builder-el-17  el_after_av_textblock  el_before_av_image '><h3 class='av-special-heading-tag'  itemprop=\"headline\"  >Corpo Docente<\/h3><div class=\"special-heading-border\"><div class=\"special-heading-inner-border\"><\/div><\/div><\/div><br \/>\n\n<style type=\"text\/css\" data-created_by=\"avia_inline_auto\" id=\"style-css-av-av_image-6fe79e2b587e28322e27d51236fca4e8\">\n.avia-image-container.av-av_image-6fe79e2b587e28322e27d51236fca4e8 img.avia_image{\nbox-shadow:none;\n}\n.avia-image-container.av-av_image-6fe79e2b587e28322e27d51236fca4e8 .av-image-caption-overlay-center{\ncolor:#ffffff;\n}\n<\/style>\n<div  class='avia-image-container av-av_image-6fe79e2b587e28322e27d51236fca4e8 av-styling- avia_animated_image av-animated-when-visible-95 left-to-right avia-align-center  avia-builder-el-18  el_after_av_heading  avia-builder-el-last '   itemprop=\"image\" itemscope=\"itemscope\" itemtype=\"https:\/\/schema.org\/ImageObject\" ><div class=\"avia-image-container-inner\"><div class=\"avia-image-overlay-wrap\"><img decoding=\"async\" class='wp-image-2789 avia-img-lazy-loading-not-2789 avia_image ' src=\"https:\/\/colegiovk.com.br\/novo\/wp-content\/uploads\/2019\/06\/corpo-docente.jpg\" alt='' title='corpo docente'  height=\"722\" width=\"960\"  itemprop=\"thumbnailUrl\" srcset=\"https:\/\/colegiovk.com.br\/novo\/wp-content\/uploads\/2019\/06\/corpo-docente.jpg 960w, https:\/\/colegiovk.com.br\/novo\/wp-content\/uploads\/2019\/06\/corpo-docente-300x226.jpg 300w, https:\/\/colegiovk.com.br\/novo\/wp-content\/uploads\/2019\/06\/corpo-docente-768x578.jpg 768w, https:\/\/colegiovk.com.br\/novo\/wp-content\/uploads\/2019\/06\/corpo-docente-705x530.jpg 705w, https:\/\/colegiovk.com.br\/novo\/wp-content\/uploads\/2019\/06\/corpo-docente-450x338.jpg 450w\" sizes=\"(max-width: 960px) 100vw, 960px\" \/><\/div><\/div><\/div><\/p><\/div>\n<style type=\"text\/css\" data-created_by=\"avia_inline_auto\" id=\"style-css-av-av_three_fifth-6d77dc6c18c0eb4bab42ff394260f9b7\">\n.flex_column.av-av_three_fifth-6d77dc6c18c0eb4bab42ff394260f9b7{\nborder-width:3px;\nborder-color:#f2f2f2;\nborder-style:solid;\n-webkit-border-radius:5px 5px 5px 5px;\n-moz-border-radius:5px 5px 5px 5px;\nborder-radius:5px 5px 5px 5px;\npadding:20px 20px 20px 20px;\nbackground-color:#ffffff;\n}\n<\/style>\n<div class='flex_column av-av_three_fifth-6d77dc6c18c0eb4bab42ff394260f9b7 av_three_fifth  avia-builder-el-19  el_after_av_two_fifth  avia-builder-el-last  flex_column_div av-animated-generic pop-up '     ><style type=\"text\/css\" data-created_by=\"avia_inline_auto\" id=\"style-css-av-av_textblock-26eaa9a1c57bff613edaec99918182aa\">\n#top .av_textblock_section.av-av_textblock-26eaa9a1c57bff613edaec99918182aa .avia_textblock{\nfont-size:15px;\n}\n<\/style>\n<section  class='av_textblock_section av-av_textblock-26eaa9a1c57bff613edaec99918182aa'  itemscope=\"itemscope\" itemtype=\"https:\/\/schema.org\/CreativeWork\" ><div class='avia_textblock'  itemprop=\"text\" ><h2>LINHA DO TEMPO<\/h2>\n<p>Conhe\u00e7a nossa hist\u00f3ria.<\/p>\n<\/div><\/section><br \/>\n\n<style type=\"text\/css\" data-created_by=\"avia_inline_auto\" id=\"style-css-av-av_image-210f3efdffab31b2c4faefe77203ecf7\">\n.avia-image-container.av-av_image-210f3efdffab31b2c4faefe77203ecf7 img.avia_image{\nbox-shadow:none;\n}\n.avia-image-container.av-av_image-210f3efdffab31b2c4faefe77203ecf7 .av-image-caption-overlay-center{\ncolor:#ffffff;\n}\n<\/style>\n<div  class='avia-image-container av-av_image-210f3efdffab31b2c4faefe77203ecf7 av-styling- avia_animated_image av-animated-when-visible-95 left-to-right avia-align-center  avia-builder-el-21  el_after_av_textblock  avia-builder-el-last '   itemprop=\"image\" itemscope=\"itemscope\" itemtype=\"https:\/\/schema.org\/ImageObject\" ><div class=\"avia-image-container-inner\"><div class=\"avia-image-overlay-wrap\"><img decoding=\"async\" class='wp-image-2822 avia-img-lazy-loading-not-2822 avia_image ' src=\"https:\/\/colegiovk.com.br\/novo\/wp-content\/uploads\/2019\/06\/47cc187c-ef5e-4297-b6d0-f4c2a20e0f4e.jpg\" alt='' title='Linha do Tempo Col\u00e9gio VK'  height=\"1280\" width=\"747\"  itemprop=\"thumbnailUrl\" srcset=\"https:\/\/colegiovk.com.br\/novo\/wp-content\/uploads\/2019\/06\/47cc187c-ef5e-4297-b6d0-f4c2a20e0f4e.jpg 747w, https:\/\/colegiovk.com.br\/novo\/wp-content\/uploads\/2019\/06\/47cc187c-ef5e-4297-b6d0-f4c2a20e0f4e-175x300.jpg 175w, https:\/\/colegiovk.com.br\/novo\/wp-content\/uploads\/2019\/06\/47cc187c-ef5e-4297-b6d0-f4c2a20e0f4e-601x1030.jpg 601w, https:\/\/colegiovk.com.br\/novo\/wp-content\/uploads\/2019\/06\/47cc187c-ef5e-4297-b6d0-f4c2a20e0f4e-411x705.jpg 411w, https:\/\/colegiovk.com.br\/novo\/wp-content\/uploads\/2019\/06\/47cc187c-ef5e-4297-b6d0-f4c2a20e0f4e-450x771.jpg 450w\" sizes=\"(max-width: 747px) 100vw, 747px\" \/><\/div><\/div><\/div><\/p><\/div>\n<\/p>\n<\/div><\/div><\/div><!-- close content main div --><\/div><\/div><div id='av-layout-grid-2'  class='av-layout-grid-container av-av_layout_row-edf07c93594a85695fda65c20c2393d8 entry-content-wrapper main_color av-flex-cells  avia-builder-el-22  el_after_av_section  avia-builder-el-last  grid-row-not-first  container_wrap fullsize'  >\n\n<style type=\"text\/css\" data-created_by=\"avia_inline_auto\" id=\"style-css-av-av_cell_one_third-3bcea5b8fabeed2f04f1cd87cc7367c0\">\n.flex_cell.av-av_cell_one_third-3bcea5b8fabeed2f04f1cd87cc7367c0{\nvertical-align:top;\nbackground-color:#bf0000;\n}\n.responsive #top #wrap_all .flex_cell.av-av_cell_one_third-3bcea5b8fabeed2f04f1cd87cc7367c0{\npadding:3px 3px 3px 3px !important;\n}\n<\/style>\n<div class='flex_cell av-av_cell_one_third-3bcea5b8fabeed2f04f1cd87cc7367c0 av-gridrow-cell av_one_third no_margin  avia-builder-el-23  el_before_av_cell_one_third  avia-builder-el-first ' ><div class='flex_cell_inner'><\/div><\/div>\n<style type=\"text\/css\" data-created_by=\"avia_inline_auto\" id=\"style-css-av-av_cell_one_third-faa7b26dcf7ac4666258ba4028bdfc53\">\n.flex_cell.av-av_cell_one_third-faa7b26dcf7ac4666258ba4028bdfc53{\nvertical-align:top;\nbackground-color:#7c0000;\n}\n.responsive #top #wrap_all .flex_cell.av-av_cell_one_third-faa7b26dcf7ac4666258ba4028bdfc53{\npadding:3px 3px 3px 3px !important;\n}\n<\/style>\n<div class='flex_cell av-av_cell_one_third-faa7b26dcf7ac4666258ba4028bdfc53 av-gridrow-cell av_one_third no_margin av-hide-on-mobile  avia-builder-el-24  el_after_av_cell_one_third  el_before_av_cell_one_third ' ><div class='flex_cell_inner'><\/div><\/div>\n<style type=\"text\/css\" data-created_by=\"avia_inline_auto\" id=\"style-css-av-av_cell_one_third-84df8c0bef4289c6325525fb542ed0b2\">\n.flex_cell.av-av_cell_one_third-84df8c0bef4289c6325525fb542ed0b2{\nvertical-align:top;\nbackground-color:#3a3a3a;\n}\n.responsive #top #wrap_all .flex_cell.av-av_cell_one_third-84df8c0bef4289c6325525fb542ed0b2{\npadding:3px 3px 3px 3px !important;\n}\n<\/style>\n<div class='flex_cell av-av_cell_one_third-84df8c0bef4289c6325525fb542ed0b2 av-gridrow-cell av_one_third no_margin av-hide-on-mobile  avia-builder-el-25  el_after_av_cell_one_third  avia-builder-el-last ' ><div class='flex_cell_inner'><\/div><\/div>\n<\/div>\n","protected":false},"excerpt":{"rendered":"","protected":false},"author":1,"featured_media":0,"parent":0,"menu_order":0,"comment_status":"closed","ping_status":"closed","template":"","meta":{"_joinchat":[]},"_links":{"self":[{"href":"https:\/\/colegiovk.com.br\/novo\/wp-json\/wp\/v2\/pages\/25"}],"collection":[{"href":"https:\/\/colegiovk.com.br\/novo\/wp-json\/wp\/v2\/pages"}],"about":[{"href":"https:\/\/colegiovk.com.br\/novo\/wp-json\/wp\/v2\/types\/page"}],"author":[{"embeddable":true,"href":"https:\/\/colegiovk.com.br\/novo\/wp-json\/wp\/v2\/users\/1"}],"replies":[{"embeddable":true,"href":"https:\/\/colegiovk.com.br\/novo\/wp-json\/wp\/v2\/comments?post=25"}],"version-history":[{"count":34,"href":"https:\/\/colegiovk.com.br\/novo\/wp-json\/wp\/v2\/pages\/25\/revisions"}],"predecessor-version":[{"id":4624,"href":"https:\/\/colegiovk.com.br\/novo\/wp-json\/wp\/v2\/pages\/25\/revisions\/4624"}],"wp:attachment":[{"href":"https:\/\/colegiovk.com.br\/novo\/wp-json\/wp\/v2\/media?parent=25"}],"curies":[{"name":"wp","href":"https:\/\/api.w.org\/{rel}","templated":true}]}}