{"id":31,"date":"2018-08-17T23:36:10","date_gmt":"2018-08-17T23:36:10","guid":{"rendered":"http:\/\/colegiofontoura.com.br\/?page_id=31"},"modified":"2019-06-24T19:46:17","modified_gmt":"2019-06-24T19:46:17","slug":"educacao-infantil","status":"publish","type":"page","link":"https:\/\/colegiovk.com.br\/novo\/educacao-infantil\/","title":{"rendered":"Educa\u00e7\u00e3o Infantil"},"content":{"rendered":"<div id='av-layout-grid-1'  class='av-layout-grid-container av-av_layout_row-edf07c93594a85695fda65c20c2393d8 entry-content-wrapper main_color av-flex-cells  avia-builder-el-0  el_before_av_section  avia-builder-el-first   container_wrap fullsize'  >\n\n<style type=\"text\/css\" data-created_by=\"avia_inline_auto\" id=\"style-css-av-av_cell_one_third-3bcea5b8fabeed2f04f1cd87cc7367c0\">\n.flex_cell.av-av_cell_one_third-3bcea5b8fabeed2f04f1cd87cc7367c0{\nvertical-align:top;\nbackground-color:#bf0000;\n}\n.responsive #top #wrap_all .flex_cell.av-av_cell_one_third-3bcea5b8fabeed2f04f1cd87cc7367c0{\npadding:3px 3px 3px 3px !important;\n}\n<\/style>\n<div class='flex_cell av-av_cell_one_third-3bcea5b8fabeed2f04f1cd87cc7367c0 av-gridrow-cell av_one_third no_margin  avia-builder-el-1  el_before_av_cell_one_third  avia-builder-el-first ' ><div class='flex_cell_inner'><\/div><\/div>\n<style type=\"text\/css\" data-created_by=\"avia_inline_auto\" id=\"style-css-av-av_cell_one_third-faa7b26dcf7ac4666258ba4028bdfc53\">\n.flex_cell.av-av_cell_one_third-faa7b26dcf7ac4666258ba4028bdfc53{\nvertical-align:top;\nbackground-color:#7c0000;\n}\n.responsive #top #wrap_all .flex_cell.av-av_cell_one_third-faa7b26dcf7ac4666258ba4028bdfc53{\npadding:3px 3px 3px 3px !important;\n}\n<\/style>\n<div class='flex_cell av-av_cell_one_third-faa7b26dcf7ac4666258ba4028bdfc53 av-gridrow-cell av_one_third no_margin av-hide-on-mobile  avia-builder-el-2  el_after_av_cell_one_third  el_before_av_cell_one_third ' ><div class='flex_cell_inner'><\/div><\/div>\n<style type=\"text\/css\" data-created_by=\"avia_inline_auto\" id=\"style-css-av-av_cell_one_third-84df8c0bef4289c6325525fb542ed0b2\">\n.flex_cell.av-av_cell_one_third-84df8c0bef4289c6325525fb542ed0b2{\nvertical-align:top;\nbackground-color:#3a3a3a;\n}\n.responsive #top #wrap_all .flex_cell.av-av_cell_one_third-84df8c0bef4289c6325525fb542ed0b2{\npadding:3px 3px 3px 3px !important;\n}\n<\/style>\n<div class='flex_cell av-av_cell_one_third-84df8c0bef4289c6325525fb542ed0b2 av-gridrow-cell av_one_third no_margin av-hide-on-mobile  avia-builder-el-3  el_after_av_cell_one_third  avia-builder-el-last ' ><div class='flex_cell_inner'><\/div><\/div>\n<\/div>\n\n<style type=\"text\/css\" data-created_by=\"avia_inline_auto\" id=\"style-css-av-av_section-54f49917645dcf063ccec11b25142f5b\">\n.avia-section.av-av_section-54f49917645dcf063ccec11b25142f5b{\nbackground-repeat:no-repeat;\nbackground-image:url(https:\/\/colegiovk.com.br\/novo\/wp-content\/uploads\/2018\/09\/fundo_capa.png);\nbackground-position:50% 50%;\nbackground-attachment:fixed;\n}\n.avia-section.av-av_section-54f49917645dcf063ccec11b25142f5b .av-section-color-overlay{\nopacity:0.8;\nbackground-color:#e5e5e5;\nbackground-image:url(https:\/\/colegiovk.com.br\/novo\/wp-content\/themes\/enfold\/images\/background-images\/diagonal-bold-light.png);\nbackground-repeat:repeat;\n}\n<\/style>\n<div id='av_section_1'  class='avia-section av-av_section-54f49917645dcf063ccec11b25142f5b main_color avia-section-default avia-no-shadow  avia-builder-el-4  el_after_av_layout_row  el_before_av_section  avia-full-stretch avia-bg-style-fixed av-section-color-overlay-active container_wrap fullsize'  data-section-bg-repeat='stretch'><div class=\"av-section-color-overlay-wrap\"><div class=\"av-section-color-overlay\"><\/div><div class='container av-section-cont-open' ><div class='template-page content  av-content-full alpha units'><div class='post-entry post-entry-type-page post-entry-31'><div class='entry-content-wrapper clearfix'>\n\n<style type=\"text\/css\" data-created_by=\"avia_inline_auto\" id=\"style-css-av-av_heading-7942848cad977f782af6a9274f7fca96\">\n#top .av-special-heading.av-av_heading-7942848cad977f782af6a9274f7fca96{\npadding-bottom:10px;\ncolor:#333333;\n}\nbody .av-special-heading.av-av_heading-7942848cad977f782af6a9274f7fca96 .av-special-heading-tag .heading-char{\nfont-size:25px;\n}\n.av-special-heading.av-av_heading-7942848cad977f782af6a9274f7fca96 .special-heading-inner-border{\nborder-color:#333333;\n}\n.av-special-heading.av-av_heading-7942848cad977f782af6a9274f7fca96 .av-subheading{\nfont-size:15px;\n}\n<\/style>\n<div  class='av-special-heading av-av_heading-7942848cad977f782af6a9274f7fca96 av-special-heading-h2 custom-color-heading  avia-builder-el-5  el_before_av_hr  avia-builder-el-first '><h2 class='av-special-heading-tag'  itemprop=\"headline\"  >EDUCACIONAL<\/h2><div class=\"special-heading-border\"><div class=\"special-heading-inner-border\"><\/div><\/div><\/div>\n\n<style type=\"text\/css\" data-created_by=\"avia_inline_auto\" id=\"style-css-av-av_hr-734d8e2ebf8431430626ac096a141848\">\n#top .hr.hr-invisible.av-av_hr-734d8e2ebf8431430626ac096a141848{\nheight:25px;\n}\n<\/style>\n<div  class='hr av-av_hr-734d8e2ebf8431430626ac096a141848 hr-invisible  avia-builder-el-6  el_after_av_heading  el_before_av_one_half  av-small-hide av-mini-hide'><span class='hr-inner '><span class=\"hr-inner-style\"><\/span><\/span><\/div>\n\n<style type=\"text\/css\" data-created_by=\"avia_inline_auto\" id=\"style-css-av-av_one_half-10d94fbf8bfee082b0ed89f9fea304dd\">\n.flex_column.av-av_one_half-10d94fbf8bfee082b0ed89f9fea304dd{\nborder-width:3px;\nborder-color:#828282;\nborder-style:solid;\n-webkit-border-radius:5px 5px 5px 5px;\n-moz-border-radius:5px 5px 5px 5px;\nborder-radius:5px 5px 5px 5px;\npadding:20px 20px 20px 20px;\nbackground-color:rgba(255,255,255,0.95);\n}\n<\/style>\n<div class='flex_column av-av_one_half-10d94fbf8bfee082b0ed89f9fea304dd av_one_half  avia-builder-el-7  el_after_av_hr  el_before_av_one_half  first flex_column_div av-animated-generic pop-up '     ><style type=\"text\/css\" data-created_by=\"avia_inline_auto\" id=\"style-css-av-av_textblock-26eaa9a1c57bff613edaec99918182aa\">\n#top .av_textblock_section.av-av_textblock-26eaa9a1c57bff613edaec99918182aa .avia_textblock{\nfont-size:15px;\n}\n<\/style>\n<section  class='av_textblock_section av-av_textblock-26eaa9a1c57bff613edaec99918182aa'  itemscope=\"itemscope\" itemtype=\"https:\/\/schema.org\/CreativeWork\" ><div class='avia_textblock'  itemprop=\"text\" ><h3>Educa\u00e7\u00e3o Infantil<\/h3>\n<p>O come\u00e7o de tudo!<\/p>\n<p>O processo de desenvolvimento da crian\u00e7a na educa\u00e7\u00e3o infantil \u00e9 visto como resultado de intera\u00e7\u00f5es da crian\u00e7a com seu meio f\u00edsico e social. Nessa intera\u00e7\u00e3o, a crian\u00e7a modifica seu ambiente e \u00e9 por ele modificada, e os resultados s\u00e3o tanto mais relevantes para o desenvolvimento infantil e para a constru\u00e7\u00e3o do conhecimento quanto mais prazerosa, l\u00fadica e carregada de afeto \u00e9 a intera\u00e7\u00e3o.<\/p>\n<div id=\"attachment_370\" style=\"width: 610px\" class=\"wp-caption alignnone\"><img aria-describedby=\"caption-attachment-370\" decoding=\"async\" loading=\"lazy\" class=\"size-full wp-image-370\" src=\"https:\/\/colegioveruska.com\/wp-content\/uploads\/2018\/09\/educacao-Infantil-2018-02.jpg\" alt=\"\" width=\"600\" height=\"337\" srcset=\"https:\/\/colegiovk.com.br\/novo\/wp-content\/uploads\/2018\/09\/educacao-Infantil-2018-02.jpg 600w, https:\/\/colegiovk.com.br\/novo\/wp-content\/uploads\/2018\/09\/educacao-Infantil-2018-02-300x169.jpg 300w, https:\/\/colegiovk.com.br\/novo\/wp-content\/uploads\/2018\/09\/educacao-Infantil-2018-02-450x253.jpg 450w\" sizes=\"(max-width: 600px) 100vw, 600px\" \/><p id=\"caption-attachment-370\" class=\"wp-caption-text\">Col\u00e9gio VK &#8211; Educa\u00e7\u00e3o Infantil &#8211; Intervalo<\/p><\/div>\n<p>\u00c9 na inf\u00e2ncia que encontramos o campo mais prop\u00edcio e f\u00e9rtil para o desenvolvimento psicopedag\u00f3gico e, por isso, oferecemos as nossas crian\u00e7as uma propostas multimetodol\u00f3gica, alegre e l\u00fadica, que integram os aspectos cognitivos e sociais, buscando unir a raz\u00e3o, a emo\u00e7\u00e3o e a afetividade, al\u00e9m de acolher e orientar a crian\u00e7a nessa fase decisiva.<\/p>\n<p>Diariamente nossas crian\u00e7as aprendem a ter um papel importante na sociedade, s\u00e3o acrescidos valores important\u00edssimos para o futuro . Aprendem de acordo com cada faixa et\u00e1ria a serem mais aut\u00f4nomos, passam a assumir pequenas responsabilidades considerando as necessidades pessoais e do outro, dentro de regras e limites valorizados para uma conviv\u00eancia saud\u00e1vel.<\/p>\n<div id=\"attachment_369\" style=\"width: 610px\" class=\"wp-caption alignnone\"><img aria-describedby=\"caption-attachment-369\" decoding=\"async\" loading=\"lazy\" class=\"size-full wp-image-369\" src=\"https:\/\/colegioveruska.com\/wp-content\/uploads\/2018\/09\/educacao-Infantil-2018-01.jpg\" alt=\"\" width=\"600\" height=\"337\" srcset=\"https:\/\/colegiovk.com.br\/novo\/wp-content\/uploads\/2018\/09\/educacao-Infantil-2018-01.jpg 600w, https:\/\/colegiovk.com.br\/novo\/wp-content\/uploads\/2018\/09\/educacao-Infantil-2018-01-300x169.jpg 300w, https:\/\/colegiovk.com.br\/novo\/wp-content\/uploads\/2018\/09\/educacao-Infantil-2018-01-450x253.jpg 450w\" sizes=\"(max-width: 600px) 100vw, 600px\" \/><p id=\"caption-attachment-369\" class=\"wp-caption-text\">Col\u00e9gio VK &#8211; Educa\u00e7\u00e3o Infantil &#8211; Recrea\u00e7\u00e3o<\/p><\/div>\n<p>Juntos constru\u00edmos uma hist\u00f3ria e somos coautores da constru\u00e7\u00e3o da identidade e autonomia de cada crian\u00e7a, observamos atentamente o progressivo conhecimento que as crian\u00e7as v\u00e3o adquirindo de si mesmas, a autoimagem que atrav\u00e9s deste conhecimento se vai configurando e \u00e0 capacidade para utilizar recursos pessoais de que disponha a cada momento.<\/p>\n<\/div><\/section><\/div>\n<style type=\"text\/css\" data-created_by=\"avia_inline_auto\" id=\"style-css-av-av_one_half-3df02c1aa25fa4df66ea63246078f098\">\n.flex_column.av-av_one_half-3df02c1aa25fa4df66ea63246078f098{\nborder-width:3px;\nborder-color:#828282;\nborder-style:solid;\n-webkit-border-radius:5px 5px 5px 5px;\n-moz-border-radius:5px 5px 5px 5px;\nborder-radius:5px 5px 5px 5px;\npadding:20px 20px 20px 20px;\nbackground-color:rgba(255,255,255,0.95);\n}\n<\/style>\n<div class='flex_column av-av_one_half-3df02c1aa25fa4df66ea63246078f098 av_one_half  avia-builder-el-9  el_after_av_one_half  avia-builder-el-last  flex_column_div av-animated-generic pop-up '     ><p>\n<style type=\"text\/css\" data-created_by=\"avia_inline_auto\" id=\"style-css-av-av_textblock-586e525e8b2f90af96d78819b81aa3fa\">\n#top .av_textblock_section.av-av_textblock-586e525e8b2f90af96d78819b81aa3fa .avia_textblock{\nfont-size:15px;\n}\n<\/style>\n<section  class='av_textblock_section av-av_textblock-586e525e8b2f90af96d78819b81aa3fa'  itemscope=\"itemscope\" itemtype=\"https:\/\/schema.org\/CreativeWork\" ><div class='avia_textblock'  itemprop=\"text\" ><div id=\"attachment_2800\" style=\"width: 610px\" class=\"wp-caption alignnone\"><img aria-describedby=\"caption-attachment-2800\" decoding=\"async\" loading=\"lazy\" class=\"wp-image-2800 size-full\" src=\"https:\/\/colegioveruska.com\/wp-content\/uploads\/2019\/06\/artes.png\" alt=\"Col\u00e9gio VK \u2013 Educa\u00e7\u00e3o Infantil \u2013 Intervalo\" width=\"600\" height=\"337\" srcset=\"https:\/\/colegiovk.com.br\/novo\/wp-content\/uploads\/2019\/06\/artes.png 600w, https:\/\/colegiovk.com.br\/novo\/wp-content\/uploads\/2019\/06\/artes-300x169.png 300w, https:\/\/colegiovk.com.br\/novo\/wp-content\/uploads\/2019\/06\/artes-450x253.png 450w\" sizes=\"(max-width: 600px) 100vw, 600px\" \/><p id=\"caption-attachment-2800\" class=\"wp-caption-text\">Col\u00e9gio VK \u2013 Educa\u00e7\u00e3o Infantil \u2013 Artes<\/p><\/div>\n<p>Os alunos aprendem a cuidar dos pr\u00f3prios pertences, dos materiais de uso comum, consideram as coloca\u00e7\u00f5es do outro colega ou adulto e reconhecem a potencialidade do di\u00e1logo como forma de expor seu ponto de vista e compreender as diferentes situa\u00e7\u00f5es.<\/p>\n<p>Criar espa\u00e7os reais de participa\u00e7\u00e3o das crian\u00e7as pequenas valoriza a possibilidade que elas t\u00eam, ao mesmo tempo em que a insere de verdade na vida da escola.<\/p>\n<p>Al\u00e9m de propor um espa\u00e7o para brincar e conviver com os outros, a Educa\u00e7\u00e3o Infantil e 1\u00ba ano destacam a intera\u00e7\u00e3o com os diversos aspectos da cultura como eixo estruturante da aprendizagem nesse segmento escolar.<\/p>\n<p>A aprendizagem e o desenvolvimento de nossas crian\u00e7as s\u00e3o sempre significativos.<\/p>\n<p>Procuramos criar um ambiente conhecido e seguro para elas, no qual todas as pessoas s\u00e3o chamadas pelos nomes e, pouco a pouco, se tornam refer\u00eancias.<\/p>\n<p>Consideramos que as situa\u00e7\u00f5es educativas que a crian\u00e7a vive na escola e a maneira como as educadoras tratam essas atua\u00e7\u00f5es ser\u00e3o muito importantes na forma\u00e7\u00e3o dos conceitos de si mesmas.<\/p>\n<\/div><\/section><br \/>\n\n<style type=\"text\/css\" data-created_by=\"avia_inline_auto\" id=\"style-css-av-av_hr-19218f1ba897acae6930be1f9798fa1a\">\n#top .hr.hr-invisible.av-av_hr-19218f1ba897acae6930be1f9798fa1a{\nheight:14px;\n}\n<\/style>\n<div  class='hr av-av_hr-19218f1ba897acae6930be1f9798fa1a hr-invisible  avia-builder-el-11  el_after_av_textblock  avia-builder-el-last '><span class='hr-inner '><span class=\"hr-inner-style\"><\/span><\/span><\/div><\/p><\/div><\/div><\/div><\/div><!-- close content main div --><\/div><\/div><\/div><div id='av_section_2'  class='avia-section av-av_section-2dcda1862a94bb522b437cf4f29dd74d main_color avia-section-default avia-no-shadow  avia-builder-el-12  el_after_av_section  el_before_av_layout_row  avia-bg-style-scroll container_wrap fullsize'  ><div class='container av-section-cont-open' ><div class='template-page content  av-content-full alpha units'><div class='post-entry post-entry-type-page post-entry-31'><div class='entry-content-wrapper clearfix'><\/p>\n<\/div><\/div><\/div><!-- close content main div --><\/div><\/div><div id='av-layout-grid-2'  class='av-layout-grid-container av-av_layout_row-edf07c93594a85695fda65c20c2393d8 entry-content-wrapper main_color av-flex-cells  avia-builder-el-13  el_after_av_section  avia-builder-el-last  grid-row-not-first  container_wrap fullsize'  >\n\n<style type=\"text\/css\" data-created_by=\"avia_inline_auto\" id=\"style-css-av-av_cell_one_third-3bcea5b8fabeed2f04f1cd87cc7367c0\">\n.flex_cell.av-av_cell_one_third-3bcea5b8fabeed2f04f1cd87cc7367c0{\nvertical-align:top;\nbackground-color:#bf0000;\n}\n.responsive #top #wrap_all .flex_cell.av-av_cell_one_third-3bcea5b8fabeed2f04f1cd87cc7367c0{\npadding:3px 3px 3px 3px !important;\n}\n<\/style>\n<div class='flex_cell av-av_cell_one_third-3bcea5b8fabeed2f04f1cd87cc7367c0 av-gridrow-cell av_one_third no_margin  avia-builder-el-14  el_before_av_cell_one_third  avia-builder-el-first ' ><div class='flex_cell_inner'><\/div><\/div>\n<style type=\"text\/css\" data-created_by=\"avia_inline_auto\" id=\"style-css-av-av_cell_one_third-faa7b26dcf7ac4666258ba4028bdfc53\">\n.flex_cell.av-av_cell_one_third-faa7b26dcf7ac4666258ba4028bdfc53{\nvertical-align:top;\nbackground-color:#7c0000;\n}\n.responsive #top #wrap_all .flex_cell.av-av_cell_one_third-faa7b26dcf7ac4666258ba4028bdfc53{\npadding:3px 3px 3px 3px !important;\n}\n<\/style>\n<div class='flex_cell av-av_cell_one_third-faa7b26dcf7ac4666258ba4028bdfc53 av-gridrow-cell av_one_third no_margin av-hide-on-mobile  avia-builder-el-15  el_after_av_cell_one_third  el_before_av_cell_one_third ' ><div class='flex_cell_inner'><\/div><\/div>\n<style type=\"text\/css\" data-created_by=\"avia_inline_auto\" id=\"style-css-av-av_cell_one_third-84df8c0bef4289c6325525fb542ed0b2\">\n.flex_cell.av-av_cell_one_third-84df8c0bef4289c6325525fb542ed0b2{\nvertical-align:top;\nbackground-color:#3a3a3a;\n}\n.responsive #top #wrap_all .flex_cell.av-av_cell_one_third-84df8c0bef4289c6325525fb542ed0b2{\npadding:3px 3px 3px 3px !important;\n}\n<\/style>\n<div class='flex_cell av-av_cell_one_third-84df8c0bef4289c6325525fb542ed0b2 av-gridrow-cell av_one_third no_margin av-hide-on-mobile  avia-builder-el-16  el_after_av_cell_one_third  avia-builder-el-last ' ><div class='flex_cell_inner'><\/div><\/div>\n<\/div>\n","protected":false},"excerpt":{"rendered":"","protected":false},"author":1,"featured_media":0,"parent":0,"menu_order":0,"comment_status":"closed","ping_status":"closed","template":"","meta":{"_joinchat":[]},"_links":{"self":[{"href":"https:\/\/colegiovk.com.br\/novo\/wp-json\/wp\/v2\/pages\/31"}],"collection":[{"href":"https:\/\/colegiovk.com.br\/novo\/wp-json\/wp\/v2\/pages"}],"about":[{"href":"https:\/\/colegiovk.com.br\/novo\/wp-json\/wp\/v2\/types\/page"}],"author":[{"embeddable":true,"href":"https:\/\/colegiovk.com.br\/novo\/wp-json\/wp\/v2\/users\/1"}],"replies":[{"embeddable":true,"href":"https:\/\/colegiovk.com.br\/novo\/wp-json\/wp\/v2\/comments?post=31"}],"version-history":[{"count":17,"href":"https:\/\/colegiovk.com.br\/novo\/wp-json\/wp\/v2\/pages\/31\/revisions"}],"predecessor-version":[{"id":2799,"href":"https:\/\/colegiovk.com.br\/novo\/wp-json\/wp\/v2\/pages\/31\/revisions\/2799"}],"wp:attachment":[{"href":"https:\/\/colegiovk.com.br\/novo\/wp-json\/wp\/v2\/media?parent=31"}],"curies":[{"name":"wp","href":"https:\/\/api.w.org\/{rel}","templated":true}]}}