{"id":3250,"date":"2019-08-29T19:24:01","date_gmt":"2019-08-29T19:24:01","guid":{"rendered":"https:\/\/colegioveruska.com\/?page_id=3250"},"modified":"2021-09-22T09:46:51","modified_gmt":"2021-09-22T12:46:51","slug":"promo-colegio-vk-i","status":"publish","type":"page","link":"https:\/\/colegiovk.com.br\/novo\/promo-colegio-vk-i\/","title":{"rendered":"Promo Col\u00e9gio VK I"},"content":{"rendered":"\n<style type=\"text\/css\" data-created_by=\"avia_inline_auto\" id=\"style-css-av-unb2rm-142c5e6faf3e5b4c0b113660aced94ff\">\n.avia-section.av-unb2rm-142c5e6faf3e5b4c0b113660aced94ff{\nbackground-repeat:no-repeat;\nbackground-image:url(https:\/\/colegiovk.com.br\/novo\/wp-content\/uploads\/2018\/09\/fundo_capa.png);\nbackground-position:50% 50%;\nbackground-attachment:fixed;\n}\n.avia-section.av-unb2rm-142c5e6faf3e5b4c0b113660aced94ff .av-section-color-overlay{\nopacity:0.7;\nbackground-color:#ffffff;\nbackground-image:url(https:\/\/colegiovk.com.br\/novo\/wp-content\/themes\/enfold\/images\/background-images\/diagonal-bold-dark.png);\nbackground-repeat:repeat;\n}\n<\/style>\n<div id='av_section_1'  class='avia-section av-unb2rm-142c5e6faf3e5b4c0b113660aced94ff main_color avia-section-default avia-no-shadow  avia-builder-el-0  avia-builder-el-no-sibling  avia-full-stretch avia-bg-style-fixed av-section-color-overlay-active container_wrap fullsize'  data-section-bg-repeat='stretch'><div class=\"av-section-color-overlay-wrap\"><div class=\"av-section-color-overlay\"><\/div><div class='container av-section-cont-open' ><main  role=\"main\" itemprop=\"mainContentOfPage\"  class='template-page content  av-content-full alpha units'><div class='post-entry post-entry-type-page post-entry-3250'><div class='entry-content-wrapper clearfix'>\n\n<style type=\"text\/css\" data-created_by=\"avia_inline_auto\" id=\"style-css-av-tc5482-8b75850390594585a02085c371e8a3a1\">\n.flex_column.av-tc5482-8b75850390594585a02085c371e8a3a1{\n-webkit-border-radius:0px 0px 0px 0px;\n-moz-border-radius:0px 0px 0px 0px;\nborder-radius:0px 0px 0px 0px;\npadding:0px 0px 0px 0px;\n}\n<\/style>\n<div class='flex_column av-tc5482-8b75850390594585a02085c371e8a3a1 av_one_fourth  avia-builder-el-1  el_before_av_one_half  avia-builder-el-first  first flex_column_div av-zero-column-padding '     ><\/div>\n<style type=\"text\/css\" data-created_by=\"avia_inline_auto\" id=\"style-css-av-r7v276-67b211bd4b610c72cd8835c3a9dcca0e\">\n.flex_column.av-r7v276-67b211bd4b610c72cd8835c3a9dcca0e{\nborder-width:3px;\nborder-color:#c9c9c9;\nborder-style:solid;\n-webkit-border-radius:3px 3px 3px 3px;\n-moz-border-radius:3px 3px 3px 3px;\nborder-radius:3px 3px 3px 3px;\npadding:30px 30px 30px 30px;\nbackground-color:#ffffff;\n}\n<\/style>\n<div class='flex_column av-r7v276-67b211bd4b610c72cd8835c3a9dcca0e av_one_half  avia-builder-el-2  el_after_av_one_fourth  el_before_av_one_fourth  flex_column_div av-animated-generic pop-up '     ><form action=\"https:\/\/colegiovk.com.br\/novo\/promo-colegio-vk-i\/\" method=\"post\"  class=\"avia_ajax_form av-form-labels-hidden   avia-builder-el-3  avia-builder-el-no-sibling   \" data-avia-form-id=\"1\" data-avia-redirect='' ><h3 class=''>Preencha Todos os Dados<\/h3><fieldset><p class='  first_form  form_element form_fullwidth' id='element_avia_1_1'><label for=\"avia_1_1\">Nome do Respons\u00e1vel <abbr class=\"required\" title=\"required\">*<\/abbr><\/label> <input name=\"avia_1_1\" class=\"text_input is_empty\" type=\"text\" id=\"avia_1_1\" value=\"\"  placeholder='Nome do Respons\u00e1vel*'\/><\/p><p class='  first_form  form_element form_element_fourth' id='element_avia_2_1'><input  name=\"avia_2_1\" class=\"input_checkbox \" type=\"checkbox\" id=\"avia_2_1\" value=\"true\"\/><label class=\"input_checkbox_label\" for=\"avia_2_1\">Pai<\/label><\/p><p class='  form_element form_element_fourth' id='element_avia_3_1'><input  name=\"avia_3_1\" class=\"input_checkbox \" type=\"checkbox\" id=\"avia_3_1\" value=\"true\"\/><label class=\"input_checkbox_label\" for=\"avia_3_1\">M\u00e3e<\/label><\/p><p class='  form_element form_element_fourth' id='element_avia_4_1'><input  name=\"avia_4_1\" class=\"input_checkbox \" type=\"checkbox\" id=\"avia_4_1\" value=\"true\"\/><label class=\"input_checkbox_label\" for=\"avia_4_1\">Outros<\/label><\/p><p class='  first_form  form_element form_element_half' id='element_avia_5_1'><label for=\"avia_5_1\">Nasc. do Aluno<\/label> <input name=\"avia_5_1\" class=\"avia_datepicker text_input \" type=\"text\" id=\"avia_5_1\" value=\"\" placeholder=\"Nasc. do Aluno\" \/><\/p><p class='  form_element form_element_half' id='element_avia_6_1'><label for=\"avia_6_1\">Telefone Fixo <abbr class=\"required\" title=\"required\">*<\/abbr><\/label> <input name=\"avia_6_1\" class=\"text_input is_empty\" type=\"text\" id=\"avia_6_1\" value=\"\"  placeholder='Telefone Fixo*'\/><\/p><p class='  first_form  form_element form_element_half' id='element_avia_7_1'><label for=\"avia_7_1\">Telefone Celular <abbr class=\"required\" title=\"required\">*<\/abbr><\/label> <input name=\"avia_7_1\" class=\"text_input is_empty\" type=\"text\" id=\"avia_7_1\" value=\"\"  placeholder='Telefone Celular*'\/><\/p><p class='  form_element form_element_half' id='element_avia_8_1'><label for=\"avia_8_1\">E-Mail <abbr class=\"required\" title=\"required\">*<\/abbr><\/label> <input name=\"avia_8_1\" class=\"text_input is_empty\" type=\"text\" id=\"avia_8_1\" value=\"\"  placeholder='E-Mail*'\/><\/p><p class='  first_form  form_element form_fullwidth' id='element_avia_9_1'><label for=\"avia_9_1\">Como gostaria de receber o retorno? <abbr class=\"required\" title=\"required\">*<\/abbr><\/label><select  name=\"avia_9_1\" class=\"select is_empty\" id=\"avia_9_1\"><option  value =''>Como gostaria de receber o retorno?*<\/option><option  value ='Whatsapp'>Whatsapp<\/option><option  value ='Celular'>Celular<\/option><option  value ='E-mail'>E-mail<\/option><\/select><\/p><p class='  first_form  form_element form_fullwidth' id='element_avia_10_1'><label for=\"avia_10_1\">Nome do Aluno<\/label> <input name=\"avia_10_1\" class=\"text_input \" type=\"text\" id=\"avia_10_1\" value=\"\"  placeholder='Nome do Aluno'\/><\/p><p class='  first_form  form_element form_fullwidth' id='element_avia_11_1'><label for=\"avia_11_1\">Ensino \/ Faixa Et\u00e1ria <abbr class=\"required\" title=\"required\">*<\/abbr><\/label><select  name=\"avia_11_1\" class=\"select is_empty\" id=\"avia_11_1\"><option  value =''>Ensino \/ Faixa Et\u00e1ria*<\/option><option  value ='Educa\u00e7\u00e3o Infantil'>Educa\u00e7\u00e3o Infantil<\/option><option  value ='Fundamental I'>Fundamental I<\/option><option  value ='Fundamental II'>Fundamental II<\/option><option  value ='Ensino M\u00e9dio'>Ensino M\u00e9dio<\/option><\/select><\/p><p class='  first_form  form_element form_fullwidth' id='element_avia_12_1'><label for=\"avia_12_1\">Bairro em que reside <abbr class=\"required\" title=\"required\">*<\/abbr><\/label> <input name=\"avia_12_1\" class=\"text_input is_empty\" type=\"text\" id=\"avia_12_1\" value=\"\"  placeholder='Bairro em que reside*'\/><\/p><p class='  first_form  form_element form_element_three_fourth av-last-visible-form-element' id='element_avia_13_1'><label for=\"avia_13_1\" class=\"textare_label hidden textare_label_avia_13_1\">Observa\u00e7\u00f5es Gerais<\/label><textarea  placeholder='Observa\u00e7\u00f5es Gerais' name=\"avia_13_1\" class=\"text_area \" cols=\"40\" rows=\"7\" id=\"avia_13_1\" ><\/textarea><\/p><p class=\"hidden\"><input type=\"text\" name=\"avia_14_1\" class=\"hidden \" id=\"avia_14_1\" value=\"\" \/><\/p><p class=\"form_element form_element_fourth modified_width\"><input type=\"hidden\" value=\"1\" name=\"avia_generated_form1\" \/><input type=\"submit\" value=\"CONTINUAR\" class=\"button\"  data-sending-label=\"Sending\"\/><\/p><\/fieldset><\/form><div id=\"ajaxresponse_1\" class=\"ajaxresponse ajaxresponse_1 hidden\"><\/div><\/div>\n<style type=\"text\/css\" data-created_by=\"avia_inline_auto\" id=\"style-css-av-29fiwy-9468f0d49df328c97786c846c1e71cfe\">\n.flex_column.av-29fiwy-9468f0d49df328c97786c846c1e71cfe{\n-webkit-border-radius:0px 0px 0px 0px;\n-moz-border-radius:0px 0px 0px 0px;\nborder-radius:0px 0px 0px 0px;\npadding:0px 0px 0px 0px;\n}\n<\/style>\n<div class='flex_column av-29fiwy-9468f0d49df328c97786c846c1e71cfe av_one_fourth  avia-builder-el-4  el_after_av_one_half  avia-builder-el-last  flex_column_div av-zero-column-padding '     ><\/div>\n","protected":false},"excerpt":{"rendered":"","protected":false},"author":1,"featured_media":0,"parent":0,"menu_order":0,"comment_status":"closed","ping_status":"closed","template":"","meta":{"_joinchat":[]},"_links":{"self":[{"href":"https:\/\/colegiovk.com.br\/novo\/wp-json\/wp\/v2\/pages\/3250"}],"collection":[{"href":"https:\/\/colegiovk.com.br\/novo\/wp-json\/wp\/v2\/pages"}],"about":[{"href":"https:\/\/colegiovk.com.br\/novo\/wp-json\/wp\/v2\/types\/page"}],"author":[{"embeddable":true,"href":"https:\/\/colegiovk.com.br\/novo\/wp-json\/wp\/v2\/users\/1"}],"replies":[{"embeddable":true,"href":"https:\/\/colegiovk.com.br\/novo\/wp-json\/wp\/v2\/comments?post=3250"}],"version-history":[{"count":16,"href":"https:\/\/colegiovk.com.br\/novo\/wp-json\/wp\/v2\/pages\/3250\/revisions"}],"predecessor-version":[{"id":9160,"href":"https:\/\/colegiovk.com.br\/novo\/wp-json\/wp\/v2\/pages\/3250\/revisions\/9160"}],"wp:attachment":[{"href":"https:\/\/colegiovk.com.br\/novo\/wp-json\/wp\/v2\/media?parent=3250"}],"curies":[{"name":"wp","href":"https:\/\/api.w.org\/{rel}","templated":true}]}}