{"id":792,"date":"2018-10-08T20:51:01","date_gmt":"2018-10-08T20:51:01","guid":{"rendered":"https:\/\/colegioveruska.com\/?page_id=792"},"modified":"2021-06-10T12:59:31","modified_gmt":"2021-06-10T15:59:31","slug":"blog","status":"publish","type":"page","link":"https:\/\/colegiovk.com.br\/novo\/blog\/","title":{"rendered":"BLOG"},"content":{"rendered":"\n<style type=\"text\/css\" data-created_by=\"avia_inline_auto\" id=\"style-css-av-32548-42083cd7e8c35d5afdada21b2e6a39d9\">\n.avia-section.av-32548-42083cd7e8c35d5afdada21b2e6a39d9{\nbackground-repeat:no-repeat;\nbackground-image:url(https:\/\/colegiovk.com.br\/novo\/wp-content\/uploads\/2021\/06\/Fundo-Blog-Colegio-VK.png);\nbackground-position:50% 50%;\nbackground-attachment:fixed;\n}\n.avia-section.av-32548-42083cd7e8c35d5afdada21b2e6a39d9 .av-section-color-overlay{\nopacity:0.5;\nbackground-color:#ffffff;\n}\n<\/style>\n<div id='av_section_1'  class='avia-section av-32548-42083cd7e8c35d5afdada21b2e6a39d9 main_color avia-section-default avia-no-shadow  avia-builder-el-0  el_before_av_layout_row  avia-builder-el-first  avia-full-stretch avia-bg-style-fixed av-section-color-overlay-active container_wrap fullsize'  data-section-bg-repeat='stretch'><div class=\"av-section-color-overlay-wrap\"><div class=\"av-section-color-overlay\"><\/div><div class='container av-section-cont-open' ><main  role=\"main\" itemprop=\"mainContentOfPage\"  class='template-page content  av-content-full alpha units'><div class='post-entry post-entry-type-page post-entry-792'><div class='entry-content-wrapper clearfix'>\n\n<style type=\"text\/css\" data-created_by=\"avia_inline_auto\" id=\"style-css-av-av_heading-10807344393b2ae017673e5ed233cad8\">\n#top .av-special-heading.av-av_heading-10807344393b2ae017673e5ed233cad8{\npadding-bottom:10px;\ncolor:#333333;\n}\nbody .av-special-heading.av-av_heading-10807344393b2ae017673e5ed233cad8 .av-special-heading-tag .heading-char{\nfont-size:25px;\n}\n.av-special-heading.av-av_heading-10807344393b2ae017673e5ed233cad8 .special-heading-inner-border{\nborder-color:#333333;\n}\n.av-special-heading.av-av_heading-10807344393b2ae017673e5ed233cad8 .av-subheading{\nfont-size:15px;\n}\n<\/style>\n<div  class='av-special-heading av-av_heading-10807344393b2ae017673e5ed233cad8 av-special-heading-h2 custom-color-heading  avia-builder-el-1  el_before_av_hr  avia-builder-el-first '><h2 class='av-special-heading-tag'  itemprop=\"headline\"  >Blog do Col\u00e9gio VK<\/h2><div class=\"special-heading-border\"><div class=\"special-heading-inner-border\"><\/div><\/div><\/div>\n\n<style type=\"text\/css\" data-created_by=\"avia_inline_auto\" id=\"style-css-av-17vtao-fce66d17ad6c6162b686caac8ba56cb5\">\n#top .hr.hr-invisible.av-17vtao-fce66d17ad6c6162b686caac8ba56cb5{\nheight:25px;\n}\n<\/style>\n<div  class='hr av-17vtao-fce66d17ad6c6162b686caac8ba56cb5 hr-invisible  avia-builder-el-2  el_after_av_heading  el_before_av_blog  av-small-hide av-mini-hide'><span class='hr-inner '><span class=\"hr-inner-style\"><\/span><\/span><\/div>\n<div  data-slideshow-options=\"{&quot;animation&quot;:&quot;fade&quot;,&quot;autoplay&quot;:false,&quot;loop_autoplay&quot;:&quot;once&quot;,&quot;interval&quot;:5,&quot;loop_manual&quot;:&quot;manual-endless&quot;,&quot;autoplay_stopper&quot;:false,&quot;noNavigation&quot;:false,&quot;show_slide_delay&quot;:90}\" class='avia-content-slider avia-content-grid-active avia-content-slider1 avia-content-slider-even  avia-builder-el-3  el_after_av_hr  avia-builder-el-last  av-slideshow-ui av-control-default   av-no-slider-navigation av-slideshow-manual av-loop-once av-loop-manual-endless '  itemscope=\"itemscope\" itemtype=\"https:\/\/schema.org\/Blog\" ><div class=\"avia-content-slider-inner\"><div class=\"slide-entry-wrap\"><article class='slide-entry flex_column  post-entry post-entry-9093 slide-entry-overview slide-loop-1 slide-parity-odd  av_one_fourth first real-thumbnail post-format-standard'  itemscope=\"itemscope\" itemtype=\"https:\/\/schema.org\/CreativeWork\" ><a href='https:\/\/colegiovk.com.br\/novo\/venha-estudar-no-colegio-vk\/' data-rel='slide-1' class='slide-image' title='Venha estudar no Col\u00e9gio VK!'><img width=\"260\" height=\"185\" src=\"https:\/\/colegiovk.com.br\/novo\/wp-content\/uploads\/2021\/06\/e-mail-mkt-260x185.jpg\" class=\"wp-image-9094 avia-img-lazy-loading-not-9094 attachment-portfolio_small size-portfolio_small wp-post-image\" alt=\"\" decoding=\"async\" \/><\/a><div class=\"slide-content\"><header class=\"entry-content-header\"><h3 class='slide-entry-title entry-title '  itemprop=\"headline\" ><a href='https:\/\/colegiovk.com.br\/novo\/venha-estudar-no-colegio-vk\/' title='Venha estudar no Col\u00e9gio VK!'>Venha estudar no Col\u00e9gio VK!<\/a><\/h3><span class=\"av-vertical-delimiter\"><\/span><\/header><div class=\"slide-meta\"><div class=\"slide-meta-comments\"><a href='https:\/\/colegiovk.com.br\/novo\/venha-estudar-no-colegio-vk\/#respond'>0 Coment\u00e1rios<\/a><\/div><div class=\"slide-meta-del\">\/<\/div><time class='slide-meta-time updated'  itemprop=\"datePublished\" datetime=\"2021-06-11T09:38:42-03:00\" >junho 11, 2021<\/time><\/div><div class='slide-entry-excerpt entry-content'  itemprop=\"text\" >\r\n\r\n<\/div><\/div><footer class=\"entry-footer\"><\/footer><span class='hidden'>\n\t\t\t\t<span class='av-structured-data'  itemprop=\"image\" itemscope=\"itemscope\" itemtype=\"https:\/\/schema.org\/ImageObject\" >\n\t\t\t\t\t\t<span itemprop='url'>https:\/\/colegiovk.com.br\/novo\/wp-content\/uploads\/2021\/06\/e-mail-mkt.jpg<\/span>\n\t\t\t\t\t\t<span itemprop='height'>1000<\/span>\n\t\t\t\t\t\t<span itemprop='width'>1000<\/span>\n\t\t\t\t<\/span>\n\t\t\t\t<span class='av-structured-data'  itemprop=\"publisher\" itemtype=\"https:\/\/schema.org\/Organization\" itemscope=\"itemscope\" >\n\t\t\t\t\t\t<span itemprop='name'>Carol<\/span>\n\t\t\t\t\t\t<span itemprop='logo' itemscope itemtype='https:\/\/schema.org\/ImageObject'>\n\t\t\t\t\t\t\t<span itemprop='url'>https:\/\/colegiovk.com.br\/novo\/wp-content\/uploads\/2022\/11\/Logo-Branco-2-1-1030x288.png<\/span>\n\t\t\t\t\t\t <\/span>\n\t\t\t\t<\/span><span class='av-structured-data'  itemprop=\"author\" itemscope=\"itemscope\" itemtype=\"https:\/\/schema.org\/Person\" ><span itemprop='name'>Carol<\/span><\/span><span class='av-structured-data'  itemprop=\"datePublished\" datetime=\"2018-10-08T20:51:01-03:00\" >2021-06-11 09:38:42<\/span><span class='av-structured-data'  itemprop=\"dateModified\" itemtype=\"https:\/\/schema.org\/dateModified\" >2021-07-07 10:26:34<\/span><span class='av-structured-data'  itemprop=\"mainEntityOfPage\" itemtype=\"https:\/\/schema.org\/mainEntityOfPage\" ><span itemprop='name'>Venha estudar no Col\u00e9gio VK!<\/span><\/span><\/span><\/article><article class='slide-entry flex_column  post-entry post-entry-9081 slide-entry-overview slide-loop-2 slide-parity-even  post-entry-last  av_one_fourth  real-thumbnail post-format-standard'  itemscope=\"itemscope\" itemtype=\"https:\/\/schema.org\/CreativeWork\" ><a href='https:\/\/colegiovk.com.br\/novo\/12-de-junho-dia-dos-namorados\/' data-rel='slide-1' class='slide-image' title='A\u00e7\u00e3o #transbordeamor &#8211; 12 de junho &#8211; Dia dos Namorados'><img width=\"260\" height=\"185\" src=\"https:\/\/colegiovk.com.br\/novo\/wp-content\/uploads\/2021\/06\/WhatsApp-Image-2021-06-08-at-11.02.44-260x185.jpeg\" class=\"wp-image-9082 avia-img-lazy-loading-not-9082 attachment-portfolio_small size-portfolio_small wp-post-image\" alt=\"\" decoding=\"async\" \/><\/a><div class=\"slide-content\"><header class=\"entry-content-header\"><h3 class='slide-entry-title entry-title '  itemprop=\"headline\" ><a href='https:\/\/colegiovk.com.br\/novo\/12-de-junho-dia-dos-namorados\/' title='A\u00e7\u00e3o #transbordeamor &#8211; 12 de junho &#8211; Dia dos Namorados'>A\u00e7\u00e3o #transbordeamor &#8211; 12 de junho &#8211; Dia dos Namorados<\/a><\/h3><span class=\"av-vertical-delimiter\"><\/span><\/header><div class=\"slide-meta\"><div class=\"slide-meta-comments\"><a href='https:\/\/colegiovk.com.br\/novo\/12-de-junho-dia-dos-namorados\/#respond'>0 Coment\u00e1rios<\/a><\/div><div class=\"slide-meta-del\">\/<\/div><time class='slide-meta-time updated'  itemprop=\"datePublished\" datetime=\"2021-06-10T13:58:40-03:00\" >junho 10, 2021<\/time><\/div><div class='slide-entry-excerpt entry-content'  itemprop=\"text\" >\r\n\r\n<\/div><\/div><footer class=\"entry-footer\"><\/footer><span class='hidden'>\n\t\t\t\t<span class='av-structured-data'  itemprop=\"image\" itemscope=\"itemscope\" itemtype=\"https:\/\/schema.org\/ImageObject\" >\n\t\t\t\t\t\t<span itemprop='url'>https:\/\/colegiovk.com.br\/novo\/wp-content\/uploads\/2021\/06\/WhatsApp-Image-2021-06-08-at-11.02.44.jpeg<\/span>\n\t\t\t\t\t\t<span itemprop='height'>720<\/span>\n\t\t\t\t\t\t<span itemprop='width'>720<\/span>\n\t\t\t\t<\/span>\n\t\t\t\t<span class='av-structured-data'  itemprop=\"publisher\" itemtype=\"https:\/\/schema.org\/Organization\" itemscope=\"itemscope\" >\n\t\t\t\t\t\t<span itemprop='name'>Carol<\/span>\n\t\t\t\t\t\t<span itemprop='logo' itemscope itemtype='https:\/\/schema.org\/ImageObject'>\n\t\t\t\t\t\t\t<span itemprop='url'>https:\/\/colegiovk.com.br\/novo\/wp-content\/uploads\/2022\/11\/Logo-Branco-2-1-1030x288.png<\/span>\n\t\t\t\t\t\t <\/span>\n\t\t\t\t<\/span><span class='av-structured-data'  itemprop=\"author\" itemscope=\"itemscope\" itemtype=\"https:\/\/schema.org\/Person\" ><span itemprop='name'>Carol<\/span><\/span><span class='av-structured-data'  itemprop=\"datePublished\" datetime=\"2018-10-08T20:51:01-03:00\" >2021-06-10 13:58:40<\/span><span class='av-structured-data'  itemprop=\"dateModified\" itemtype=\"https:\/\/schema.org\/dateModified\" >2021-06-10 14:11:09<\/span><span class='av-structured-data'  itemprop=\"mainEntityOfPage\" itemtype=\"https:\/\/schema.org\/mainEntityOfPage\" ><span itemprop='name'>A\u00e7\u00e3o #transbordeamor &#8211; 12 de junho &#8211; Dia dos Namorados<\/span><\/span><\/span><\/article><\/div><\/div><\/div>\n<\/div><\/div><\/main><!-- close content main element --><\/div><\/div><\/div><div id='av-layout-grid-1'  class='av-layout-grid-container av-opgo8-35a34d1bce23bfad7bcc7ab132d3cf15 entry-content-wrapper main_color av-flex-cells  avia-builder-el-4  el_after_av_section  avia-builder-el-last  grid-row-not-first  container_wrap fullsize'  >\n\n<style type=\"text\/css\" data-created_by=\"avia_inline_auto\" id=\"style-css-av-jdw2g-ac16e31b3c708542aa0c60224eb4137a\">\n.flex_cell.av-jdw2g-ac16e31b3c708542aa0c60224eb4137a{\nvertical-align:top;\nbackground-color:#bf0000;\n}\n.responsive #top #wrap_all .flex_cell.av-jdw2g-ac16e31b3c708542aa0c60224eb4137a{\npadding:3px 3px 3px 3px !important;\n}\n<\/style>\n<div class='flex_cell av-jdw2g-ac16e31b3c708542aa0c60224eb4137a av-gridrow-cell av_one_third no_margin  avia-builder-el-5  el_before_av_cell_one_third  avia-builder-el-first ' ><div class='flex_cell_inner'><\/div><\/div>\n<style type=\"text\/css\" data-created_by=\"avia_inline_auto\" id=\"style-css-av-g6668-a2dca0a4c302c030870b7a7821f40936\">\n.flex_cell.av-g6668-a2dca0a4c302c030870b7a7821f40936{\nvertical-align:top;\nbackground-color:#7c0000;\n}\n.responsive #top #wrap_all .flex_cell.av-g6668-a2dca0a4c302c030870b7a7821f40936{\npadding:3px 3px 3px 3px !important;\n}\n<\/style>\n<div class='flex_cell av-g6668-a2dca0a4c302c030870b7a7821f40936 av-gridrow-cell av_one_third no_margin av-hide-on-mobile  avia-builder-el-6  el_after_av_cell_one_third  el_before_av_cell_one_third ' ><div class='flex_cell_inner'><\/div><\/div>\n<style type=\"text\/css\" data-created_by=\"avia_inline_auto\" id=\"style-css-av-9s2zs-8f9b480ef3e4db86a73f6fb5534f8077\">\n.flex_cell.av-9s2zs-8f9b480ef3e4db86a73f6fb5534f8077{\nvertical-align:top;\nbackground-color:#3a3a3a;\n}\n.responsive #top #wrap_all .flex_cell.av-9s2zs-8f9b480ef3e4db86a73f6fb5534f8077{\npadding:3px 3px 3px 3px !important;\n}\n<\/style>\n<div class='flex_cell av-9s2zs-8f9b480ef3e4db86a73f6fb5534f8077 av-gridrow-cell av_one_third no_margin av-hide-on-mobile  avia-builder-el-7  el_after_av_cell_one_third  avia-builder-el-last ' ><div class='flex_cell_inner'><\/div><\/div>\n<\/div><\/p>\n","protected":false},"excerpt":{"rendered":"","protected":false},"author":1,"featured_media":0,"parent":0,"menu_order":0,"comment_status":"closed","ping_status":"closed","template":"","meta":{"_joinchat":[]},"_links":{"self":[{"href":"https:\/\/colegiovk.com.br\/novo\/wp-json\/wp\/v2\/pages\/792"}],"collection":[{"href":"https:\/\/colegiovk.com.br\/novo\/wp-json\/wp\/v2\/pages"}],"about":[{"href":"https:\/\/colegiovk.com.br\/novo\/wp-json\/wp\/v2\/types\/page"}],"author":[{"embeddable":true,"href":"https:\/\/colegiovk.com.br\/novo\/wp-json\/wp\/v2\/users\/1"}],"replies":[{"embeddable":true,"href":"https:\/\/colegiovk.com.br\/novo\/wp-json\/wp\/v2\/comments?post=792"}],"version-history":[{"count":13,"href":"https:\/\/colegiovk.com.br\/novo\/wp-json\/wp\/v2\/pages\/792\/revisions"}],"predecessor-version":[{"id":9078,"href":"https:\/\/colegiovk.com.br\/novo\/wp-json\/wp\/v2\/pages\/792\/revisions\/9078"}],"wp:attachment":[{"href":"https:\/\/colegiovk.com.br\/novo\/wp-json\/wp\/v2\/media?parent=792"}],"curies":[{"name":"wp","href":"https:\/\/api.w.org\/{rel}","templated":true}]}}